{"id":1753,"date":"2023-04-07T15:43:59","date_gmt":"2023-04-07T13:43:59","guid":{"rendered":"https:\/\/wilde-werkstatt.de\/hamburg\/?page_id=1753"},"modified":"2025-02-12T09:37:35","modified_gmt":"2025-02-12T08:37:35","slug":"inspektion-wartung","status":"publish","type":"page","link":"https:\/\/wilde-werkstatt.de\/hamburg\/service\/inspektion-wartung\/","title":{"rendered":"Inspektion"},"content":{"rendered":"<section class=\"wpb-content-wrapper\"><p>[vc_row full_width=&#8220;stretch_row&#8220; css=&#8220;.vc_custom_1449134047180{background-color: #ffffff !important;}&#8220;][vc_column]<div class=\"sc_section sc_section_block \"><div class=\"sc_section_inner\"><div class=\"sc_section_content_wrap\">[vc_column_text css=&#8220;.vc_custom_1680876095631{margin-bottom: 40px !important;}&#8220;]<\/p>\n<h3>Inspektion &#8211; Pflege f\u00fcr Ihren Traumwagen<\/h3>\n<p>[\/vc_column_text][vc_column_text]<strong>Ihre Suche nach einer spezialisierten Werkstatt f\u00fcr die Inspektion Ihres Porsches in Hamburg endet hier. <\/strong><\/p>\n<p>Unsere gr\u00fcndliche Inspektion deckt alle wichtigen Fahrzeugkomponenten ab \u2013 von Motor und Getriebe bis zu Bremsen und Elektronik. Als Porsche-Enthusiasten mit umfangreicher Fachkenntnis verstehen wir die einzigartigen Bed\u00fcrfnisse jedes Modells, von 356 bis 993.[\/vc_column_text]<\/div><\/div><\/div>[vc_empty_space height=&#8220;3em&#8220;][vc_single_image image=&#8220;1512&#8243; img_size=&#8220;full&#8220;][\/vc_column][\/vc_row][vc_row][vc_column][vc_empty_space height=&#8220;3em&#8220;][vc_column_text]Weiterhin inspizieren wir das Fahrwerk, pr\u00fcfen Bremsen, Sto\u00dfd\u00e4mpfer und die gesamte Lenkung auf Abnutzung und Funktionsf\u00e4higkeit. Elektronische Bauteile und das Beleuchtungssystem werden ebenfalls sorgf\u00e4ltig gepr\u00fcft, um eine einwandfreie Funktion zu gew\u00e4hrleisten. Wir untersuchen die Abgasanlage auf Korrosion und Besch\u00e4digungen. Auf Wunsch f\u00fchren wir eine detaillierte Karosserie- und Lackkontrolle durch.[\/vc_column_text][vc_empty_space height=&#8220;3em&#8220;][\/vc_column][\/vc_row][vc_row][vc_column][vc_empty_space height=&#8220;3em&#8220;][vc_column_text]Uns ist bewusst, dass Ihr luftgek\u00fchlter Porsche nicht nur ein Fahrzeug ist, sondern auch ein St\u00fcck automobiler Geschichte und Kultur. Daher legen wir gro\u00dfen Wert auf qualitativ hochwertige Arbeit und verwenden original oder von uns zuvor gepr\u00fcfte Teile , um sicherzustellen, dass Ihr Fahrzeug in bestem Zustand bleibt und seinen Wert beh\u00e4lt.[\/vc_column_text][vc_empty_space height=&#8220;3em&#8220;][\/vc_column][\/vc_row][vc_row full_width=&#8220;stretch_row&#8220; equal_height=&#8220;yes&#8220; content_placement=&#8220;middle&#8220;][vc_column css_animation=&#8220;fadeIn&#8220; offset=&#8220;vc_col-xs-12&#8243;][vc_gallery type=&#8220;flexslider_slide&#8220; interval=&#8220;3&#8243; images=&#8220;613,620,619,617,616,615,618&#8243; img_size=&#8220;607&#215;450&#8243; onclick=&#8220;&#8220; css_animation=&#8220;fadeIn&#8220;][\/vc_column][\/vc_row][vc_row][vc_column][vc_empty_space height=&#8220;3em&#8220;][vc_column_text]Besuchen Sie uns noch heute, um einen Termin f\u00fcr die Inspektion und Fahrzeugkontrolle zu vereinbaren.[\/vc_column_text][\/vc_column][\/vc_row][vc_row][vc_column][vc_empty_space height=&#8220;2em&#8220;][vc_single_image image=&#8220;1473&#8243; img_size=&#8220;full&#8220;][vc_empty_space height=&#8220;2em&#8220;][\/vc_column][\/vc_row]<\/p>\n<\/section>","protected":false},"excerpt":{"rendered":"<p>[vc_row full_width=&#8220;stretch_row&#8220; css=&#8220;.vc_custom_1449134047180{background-color: #ffffff !important;}&#8220;][vc_column][vc_empty_space height=&#8220;3em&#8220;][vc_single_image image=&#8220;1512&#8243; img_size=&#8220;full&#8220;][\/vc_column][\/vc_row][vc_row][vc_column][vc_empty_space height=&#8220;3em&#8220;][vc_column_text]Weiterhin inspizieren wir das Fahrwerk, pr\u00fcfen Bremsen, Sto\u00dfd\u00e4mpfer und die gesamte Lenkung auf Abnutzung und Funktionsf\u00e4higkeit. Elektronische Bauteile und das Beleuchtungssystem werden ebenfalls sorgf\u00e4ltig gepr\u00fcft, um eine einwandfreie Funktion zu gew\u00e4hrleisten. Wir untersuchen die Abgasanlage auf Korrosion und Besch\u00e4digungen. Auf Wunsch f\u00fchren wir eine detaillierte Karosserie- und [&hellip;]<\/p>\n","protected":false},"author":1,"featured_media":0,"parent":1423,"menu_order":0,"comment_status":"closed","ping_status":"closed","template":"","meta":{"footnotes":""},"class_list":["post-1753","page","type-page","status-publish","hentry"],"yoast_head":"<!-- This site is optimized with the Yoast SEO plugin v25.8 - https:\/\/yoast.com\/wordpress\/plugins\/seo\/ -->\n<title>Inspektion - Autoport Oettinger &amp; Wilde<\/title>\n<meta name=\"description\" content=\"Ihre Suche nach einer spezialisierten Werkstatt f\u00fcr die Inspektion Ihres Autos in Hamburg endet hier. Schnell und unkompliziert!\" \/>\n<meta name=\"robots\" content=\"index, follow, max-snippet:-1, max-image-preview:large, max-video-preview:-1\" \/>\n<link rel=\"canonical\" href=\"https:\/\/wilde-werkstatt.de\/hamburg\/service\/inspektion-wartung\/\" \/>\n<meta property=\"og:locale\" content=\"de_DE\" \/>\n<meta property=\"og:type\" content=\"article\" \/>\n<meta property=\"og:title\" content=\"Inspektion - Autoport Oettinger &amp; Wilde\" \/>\n<meta property=\"og:description\" content=\"Ihre Suche nach einer spezialisierten Werkstatt f\u00fcr die Inspektion Ihres Autos in Hamburg endet hier. Schnell und unkompliziert!\" \/>\n<meta property=\"og:url\" content=\"https:\/\/wilde-werkstatt.de\/hamburg\/service\/inspektion-wartung\/\" \/>\n<meta property=\"og:site_name\" content=\"Autoport Oettinger &amp; Wilde\" \/>\n<meta property=\"article:publisher\" content=\"https:\/\/www.facebook.com\/wildewerkstatt\/\" \/>\n<meta property=\"article:modified_time\" content=\"2025-02-12T08:37:35+00:00\" \/>\n<meta name=\"twitter:card\" content=\"summary_large_image\" \/>\n<meta name=\"twitter:label1\" content=\"Gesch\u00e4tzte Lesezeit\" \/>\n\t<meta name=\"twitter:data1\" content=\"3\u00a0Minuten\" \/>\n<script type=\"application\/ld+json\" class=\"yoast-schema-graph\">{\"@context\":\"https:\/\/schema.org\",\"@graph\":[{\"@type\":\"WebPage\",\"@id\":\"https:\/\/wilde-werkstatt.de\/hamburg\/service\/inspektion-wartung\/\",\"url\":\"https:\/\/wilde-werkstatt.de\/hamburg\/service\/inspektion-wartung\/\",\"name\":\"Inspektion - Autoport Oettinger &amp; Wilde\",\"isPartOf\":{\"@id\":\"https:\/\/wilde-werkstatt.de\/hamburg\/#website\"},\"datePublished\":\"2023-04-07T13:43:59+00:00\",\"dateModified\":\"2025-02-12T08:37:35+00:00\",\"description\":\"Ihre Suche nach einer spezialisierten Werkstatt f\u00fcr die Inspektion Ihres Autos in Hamburg endet hier. Schnell und unkompliziert!\",\"breadcrumb\":{\"@id\":\"https:\/\/wilde-werkstatt.de\/hamburg\/service\/inspektion-wartung\/#breadcrumb\"},\"inLanguage\":\"de\",\"potentialAction\":[{\"@type\":\"ReadAction\",\"target\":[\"https:\/\/wilde-werkstatt.de\/hamburg\/service\/inspektion-wartung\/\"]}]},{\"@type\":\"BreadcrumbList\",\"@id\":\"https:\/\/wilde-werkstatt.de\/hamburg\/service\/inspektion-wartung\/#breadcrumb\",\"itemListElement\":[{\"@type\":\"ListItem\",\"position\":1,\"name\":\"Startseite\",\"item\":\"https:\/\/wilde-werkstatt.de\/hamburg\/\"},{\"@type\":\"ListItem\",\"position\":2,\"name\":\"Service\",\"item\":\"https:\/\/wilde-werkstatt.de\/hamburg\/service\/\"},{\"@type\":\"ListItem\",\"position\":3,\"name\":\"Inspektion\"}]},{\"@type\":\"WebSite\",\"@id\":\"https:\/\/wilde-werkstatt.de\/hamburg\/#website\",\"url\":\"https:\/\/wilde-werkstatt.de\/hamburg\/\",\"name\":\"Autoport Oettinger & Wilde\",\"description\":\"\",\"publisher\":{\"@id\":\"https:\/\/wilde-werkstatt.de\/hamburg\/#organization\"},\"potentialAction\":[{\"@type\":\"SearchAction\",\"target\":{\"@type\":\"EntryPoint\",\"urlTemplate\":\"https:\/\/wilde-werkstatt.de\/hamburg\/?s={search_term_string}\"},\"query-input\":{\"@type\":\"PropertyValueSpecification\",\"valueRequired\":true,\"valueName\":\"search_term_string\"}}],\"inLanguage\":\"de\"},{\"@type\":\"Organization\",\"@id\":\"https:\/\/wilde-werkstatt.de\/hamburg\/#organization\",\"name\":\"Autoport Oettinger & Wilde\",\"url\":\"https:\/\/wilde-werkstatt.de\/hamburg\/\",\"logo\":{\"@type\":\"ImageObject\",\"inLanguage\":\"de\",\"@id\":\"https:\/\/wilde-werkstatt.de\/hamburg\/#\/schema\/logo\/image\/\",\"url\":\"https:\/\/wilde-werkstatt.de\/hamburg\/wp-content\/uploads\/2019\/11\/Logo-mit-Schrift-grau-1.png\",\"contentUrl\":\"https:\/\/wilde-werkstatt.de\/hamburg\/wp-content\/uploads\/2019\/11\/Logo-mit-Schrift-grau-1.png\",\"width\":939,\"height\":405,\"caption\":\"Autoport Oettinger & Wilde\"},\"image\":{\"@id\":\"https:\/\/wilde-werkstatt.de\/hamburg\/#\/schema\/logo\/image\/\"},\"sameAs\":[\"https:\/\/www.facebook.com\/wildewerkstatt\/\",\"https:\/\/www.instagram.com\/wilde.werkstatt\/\"]}]}<\/script>\n<!-- \/ Yoast SEO plugin. -->","yoast_head_json":{"title":"Inspektion - Autoport Oettinger &amp; Wilde","description":"Ihre Suche nach einer spezialisierten Werkstatt f\u00fcr die Inspektion Ihres Autos in Hamburg endet hier. Schnell und unkompliziert!","robots":{"index":"index","follow":"follow","max-snippet":"max-snippet:-1","max-image-preview":"max-image-preview:large","max-video-preview":"max-video-preview:-1"},"canonical":"https:\/\/wilde-werkstatt.de\/hamburg\/service\/inspektion-wartung\/","og_locale":"de_DE","og_type":"article","og_title":"Inspektion - Autoport Oettinger &amp; Wilde","og_description":"Ihre Suche nach einer spezialisierten Werkstatt f\u00fcr die Inspektion Ihres Autos in Hamburg endet hier. Schnell und unkompliziert!","og_url":"https:\/\/wilde-werkstatt.de\/hamburg\/service\/inspektion-wartung\/","og_site_name":"Autoport Oettinger &amp; Wilde","article_publisher":"https:\/\/www.facebook.com\/wildewerkstatt\/","article_modified_time":"2025-02-12T08:37:35+00:00","twitter_card":"summary_large_image","twitter_misc":{"Gesch\u00e4tzte Lesezeit":"3\u00a0Minuten"},"schema":{"@context":"https:\/\/schema.org","@graph":[{"@type":"WebPage","@id":"https:\/\/wilde-werkstatt.de\/hamburg\/service\/inspektion-wartung\/","url":"https:\/\/wilde-werkstatt.de\/hamburg\/service\/inspektion-wartung\/","name":"Inspektion - Autoport Oettinger &amp; Wilde","isPartOf":{"@id":"https:\/\/wilde-werkstatt.de\/hamburg\/#website"},"datePublished":"2023-04-07T13:43:59+00:00","dateModified":"2025-02-12T08:37:35+00:00","description":"Ihre Suche nach einer spezialisierten Werkstatt f\u00fcr die Inspektion Ihres Autos in Hamburg endet hier. Schnell und unkompliziert!","breadcrumb":{"@id":"https:\/\/wilde-werkstatt.de\/hamburg\/service\/inspektion-wartung\/#breadcrumb"},"inLanguage":"de","potentialAction":[{"@type":"ReadAction","target":["https:\/\/wilde-werkstatt.de\/hamburg\/service\/inspektion-wartung\/"]}]},{"@type":"BreadcrumbList","@id":"https:\/\/wilde-werkstatt.de\/hamburg\/service\/inspektion-wartung\/#breadcrumb","itemListElement":[{"@type":"ListItem","position":1,"name":"Startseite","item":"https:\/\/wilde-werkstatt.de\/hamburg\/"},{"@type":"ListItem","position":2,"name":"Service","item":"https:\/\/wilde-werkstatt.de\/hamburg\/service\/"},{"@type":"ListItem","position":3,"name":"Inspektion"}]},{"@type":"WebSite","@id":"https:\/\/wilde-werkstatt.de\/hamburg\/#website","url":"https:\/\/wilde-werkstatt.de\/hamburg\/","name":"Autoport Oettinger & Wilde","description":"","publisher":{"@id":"https:\/\/wilde-werkstatt.de\/hamburg\/#organization"},"potentialAction":[{"@type":"SearchAction","target":{"@type":"EntryPoint","urlTemplate":"https:\/\/wilde-werkstatt.de\/hamburg\/?s={search_term_string}"},"query-input":{"@type":"PropertyValueSpecification","valueRequired":true,"valueName":"search_term_string"}}],"inLanguage":"de"},{"@type":"Organization","@id":"https:\/\/wilde-werkstatt.de\/hamburg\/#organization","name":"Autoport Oettinger & Wilde","url":"https:\/\/wilde-werkstatt.de\/hamburg\/","logo":{"@type":"ImageObject","inLanguage":"de","@id":"https:\/\/wilde-werkstatt.de\/hamburg\/#\/schema\/logo\/image\/","url":"https:\/\/wilde-werkstatt.de\/hamburg\/wp-content\/uploads\/2019\/11\/Logo-mit-Schrift-grau-1.png","contentUrl":"https:\/\/wilde-werkstatt.de\/hamburg\/wp-content\/uploads\/2019\/11\/Logo-mit-Schrift-grau-1.png","width":939,"height":405,"caption":"Autoport Oettinger & Wilde"},"image":{"@id":"https:\/\/wilde-werkstatt.de\/hamburg\/#\/schema\/logo\/image\/"},"sameAs":["https:\/\/www.facebook.com\/wildewerkstatt\/","https:\/\/www.instagram.com\/wilde.werkstatt\/"]}]}},"_links":{"self":[{"href":"https:\/\/wilde-werkstatt.de\/hamburg\/wp-json\/wp\/v2\/pages\/1753","targetHints":{"allow":["GET"]}}],"collection":[{"href":"https:\/\/wilde-werkstatt.de\/hamburg\/wp-json\/wp\/v2\/pages"}],"about":[{"href":"https:\/\/wilde-werkstatt.de\/hamburg\/wp-json\/wp\/v2\/types\/page"}],"author":[{"embeddable":true,"href":"https:\/\/wilde-werkstatt.de\/hamburg\/wp-json\/wp\/v2\/users\/1"}],"replies":[{"embeddable":true,"href":"https:\/\/wilde-werkstatt.de\/hamburg\/wp-json\/wp\/v2\/comments?post=1753"}],"version-history":[{"count":24,"href":"https:\/\/wilde-werkstatt.de\/hamburg\/wp-json\/wp\/v2\/pages\/1753\/revisions"}],"predecessor-version":[{"id":1967,"href":"https:\/\/wilde-werkstatt.de\/hamburg\/wp-json\/wp\/v2\/pages\/1753\/revisions\/1967"}],"up":[{"embeddable":true,"href":"https:\/\/wilde-werkstatt.de\/hamburg\/wp-json\/wp\/v2\/pages\/1423"}],"wp:attachment":[{"href":"https:\/\/wilde-werkstatt.de\/hamburg\/wp-json\/wp\/v2\/media?parent=1753"}],"curies":[{"name":"wp","href":"https:\/\/api.w.org\/{rel}","templated":true}]}}