{"id":1636,"date":"2023-04-04T12:02:36","date_gmt":"2023-04-04T10:02:36","guid":{"rendered":"https:\/\/wilde-werkstatt.de\/hamburg\/?page_id=1636"},"modified":"2025-02-11T15:07:21","modified_gmt":"2025-02-11T14:07:21","slug":"kontakt-anfahrt","status":"publish","type":"page","link":"https:\/\/wilde-werkstatt.de\/hamburg\/kontakt-anfahrt\/","title":{"rendered":"Kontakt"},"content":{"rendered":"<section class=\"wpb-content-wrapper\"><p>[vc_row][vc_column][vc_column_text]<\/p>\n<h3>Wir sind bereit f\u00fcr eine unterhaltsame Konversation!<\/h3>\n<p>Haben Sie Fragen, Anliegen oder einfach Lust, mit uns zu plaudern? Egal ob Sie wissen wollen, wie viele Schrauben ein Porsche hat oder welche Farbe am schnellsten ist &#8211; wir haben die Antworten! Schicken Sie uns eine Nachricht \u00fcber unser Kontaktformular oder rufen uns einfach an.[\/vc_column_text][\/vc_column][\/vc_row][vc_row full_width=&#8220;stretch_row&#8220; css=&#8220;.vc_custom_1680603669080{margin-top: 40px !important;background-color: #ffffff !important;}&#8220;][vc_column width=&#8220;1\/2&#8243;]<div class=\"sc_section sc_section_block \"><div class=\"sc_section_inner\"><div class=\"sc_section_content_wrap\">[vc_column_text css=&#8220;.vc_custom_1680603499009{margin-bottom: 40px !important;}&#8220;]<strong>Autoport Oettinger &amp; Wilde<\/strong><br \/>\nHegholt 61<br \/>\n22179 Hamburg<br \/>\nTel.: 040 641 60 89<\/p>\n<p><strong>\u00d6ffnungszeiten:<\/strong><br \/>\nMontag &#8211; Donnerstag: 8.00 &#8211; 17.00<br \/>\nFreitag: 8.00 &#8211; 14.00<br \/>\nSamstag &amp; Sonntag: geschlossen[\/vc_column_text]<\/div><\/div><\/div>[\/vc_column][vc_column width=&#8220;1\/2&#8243;][vc_column_text]<strong>Anfahrt:<\/strong><br \/>\nWenn Sie zu uns kommen m\u00f6chten, gibt es viele Wege, um uns zu erreichen!<br \/>\nMit dem Auto fahren Sie einfach die gut ausgebaute Bramfelder Chaussee entlang und parken bei uns direkt auf dem Grundst\u00fcck &#8211; ohne Stress und Parkkosten.<\/p>\n<p>Aber es gibt auch eine andere Option f\u00fcr die Abenteuerlustigen: Nehmen Sie die HVV Buslinie 118, die alle 10 Minuten f\u00e4hrt, und steigen Sie direkt vor unserer Werkstatt an der Haltestelle &#8222;Hegholt&#8220; aus. Und ja, Sie haben richtig geh\u00f6rt &#8211; unsere Werkstatt ist so bequem gelegen, dass der Bus Sie bis vor unsere T\u00fcr bringt!<\/p>\n<p>Und wenn Sie mit der U-Bahn anreisen m\u00f6chten, dann steigen Sie an der U-Bahn Station Wandsbek-Gartenstadt (U1 &amp; U3) aus und nehmen Sie den Bus der Linie 118 f\u00fcr nur 10 Minuten, um zu uns zu gelangen. Mit uns ist selbst die Anreise zu unserer Werkstatt ein kurzweilige Angelegenheit! Also kommen Sie vorbei und erleben Sie den Spa\u00df, uns zu besuchen![\/vc_column_text][vc_empty_space height=&#8220;3em&#8220;][\/vc_column][\/vc_row][vc_row css=&#8220;.vc_custom_1680603783483{margin-top: -60px !important;}&#8220;][vc_column][vc_column_text]<\/p>\n<h4>Kontaktformular<\/h4>\n<p>[\/vc_column_text][vc_empty_space height=&#8220;1em&#8220;]\n<div class=\"wpcf7 no-js\" id=\"wpcf7-f1404-o1\" lang=\"de-DE\" dir=\"ltr\" data-wpcf7-id=\"1404\">\n<div class=\"screen-reader-response\"><p role=\"status\" aria-live=\"polite\" aria-atomic=\"true\"><\/p> <ul><\/ul><\/div>\n<form action=\"\/hamburg\/wp-json\/wp\/v2\/pages\/1636#wpcf7-f1404-o1\" method=\"post\" class=\"wpcf7-form init\" aria-label=\"Kontaktformular\" novalidate=\"novalidate\" data-status=\"init\">\n<fieldset class=\"hidden-fields-container\"><input type=\"hidden\" name=\"_wpcf7\" value=\"1404\" \/><input type=\"hidden\" name=\"_wpcf7_version\" value=\"6.1.1\" \/><input type=\"hidden\" name=\"_wpcf7_locale\" value=\"de_DE\" \/><input type=\"hidden\" name=\"_wpcf7_unit_tag\" value=\"wpcf7-f1404-o1\" \/><input type=\"hidden\" name=\"_wpcf7_container_post\" value=\"0\" \/><input type=\"hidden\" name=\"_wpcf7_posted_data_hash\" value=\"\" \/>\n<\/fieldset>\n<p><label> Name (Plichtfeld)<br \/>\n<span class=\"wpcf7-form-control-wrap\" data-name=\"your-name\"><input size=\"40\" maxlength=\"400\" class=\"wpcf7-form-control wpcf7-text wpcf7-validates-as-required\" aria-required=\"true\" aria-invalid=\"false\" value=\"\" type=\"text\" name=\"your-name\" \/><\/span> <\/label>\n<\/p>\n<p><label> Email (Plichtfeld)<br \/>\n<span class=\"wpcf7-form-control-wrap\" data-name=\"your-email\"><input size=\"40\" maxlength=\"400\" class=\"wpcf7-form-control wpcf7-email wpcf7-validates-as-required wpcf7-text wpcf7-validates-as-email\" aria-required=\"true\" aria-invalid=\"false\" value=\"\" type=\"email\" name=\"your-email\" \/><\/span> <\/label>\n<\/p>\n<p><label> Telefon<br \/>\n<span class=\"wpcf7-form-control-wrap\" data-name=\"telefon\"><input size=\"40\" maxlength=\"400\" class=\"wpcf7-form-control wpcf7-tel wpcf7-text wpcf7-validates-as-tel\" aria-invalid=\"false\" value=\"\" type=\"tel\" name=\"telefon\" \/><\/span> <\/label>\n<\/p>\n<p><label> Betreff<br \/>\n<span class=\"wpcf7-form-control-wrap\" data-name=\"your-subject\"><input size=\"40\" maxlength=\"400\" class=\"wpcf7-form-control wpcf7-text\" aria-invalid=\"false\" value=\"\" type=\"text\" name=\"your-subject\" \/><\/span> <\/label>\n<\/p>\n<lable> Oder\n\t<p><span class=\"wpcf7-form-control-wrap\" data-name=\"your-services\"><select class=\"wpcf7-form-control wpcf7-select\" aria-invalid=\"false\" name=\"your-services\"><option value=\"Wie k\u00f6nnen wir helfen? ...\">Wie k\u00f6nnen wir helfen? ...<\/option><option value=\"Inspektion\">Inspektion<\/option><option value=\"T\u00dcV\/AU\">T\u00dcV\/AU<\/option><option value=\"Klimaanlage\">Klimaanlage<\/option><option value=\"Restauration\">Restauration<\/option><option value=\"Bremsen\">Bremsen<\/option><option value=\"Beratung\">Beratung<\/option><option value=\"R\u00fcckruf\">R\u00fcckruf<\/option><\/select><\/span>\n\t<\/p>\n<\/lable>\n<p><label> Nachricht<br \/>\n<span class=\"wpcf7-form-control-wrap\" data-name=\"your-message\"><textarea cols=\"40\" rows=\"10\" maxlength=\"2000\" class=\"wpcf7-form-control wpcf7-textarea\" aria-invalid=\"false\" name=\"your-message\"><\/textarea><\/span> <\/label>\n<\/p>\n<p><input class=\"wpcf7-form-control wpcf7-submit has-spinner\" type=\"submit\" value=\"Abschicken\" \/>\n<\/p><div class=\"wpcf7-response-output\" aria-hidden=\"true\"><\/div>\n<\/form>\n<\/div>\n[\/vc_column][\/vc_row][vc_row][vc_column][vc_empty_space height=&#8220;2em&#8220;][vc_single_image image=&#8220;1473&#8243; img_size=&#8220;full&#8220;][vc_empty_space height=&#8220;2em&#8220;][\/vc_column][\/vc_row]<\/p>\n<\/section>","protected":false},"excerpt":{"rendered":"<p>[vc_row][vc_column][vc_column_text] Wir sind bereit f\u00fcr eine unterhaltsame Konversation! Haben Sie Fragen, Anliegen oder einfach Lust, mit uns zu plaudern? Egal ob Sie wissen wollen, wie viele Schrauben ein Porsche hat oder welche Farbe am schnellsten ist &#8211; wir haben die Antworten! Schicken Sie uns eine Nachricht \u00fcber unser Kontaktformular oder rufen uns einfach an.[\/vc_column_text][\/vc_column][\/vc_row][vc_row full_width=&#8220;stretch_row&#8220; [&hellip;]<\/p>\n","protected":false},"author":1,"featured_media":0,"parent":0,"menu_order":0,"comment_status":"closed","ping_status":"closed","template":"","meta":{"footnotes":""},"class_list":["post-1636","page","type-page","status-publish","hentry"],"yoast_head":"<!-- This site is optimized with the Yoast SEO plugin v25.8 - https:\/\/yoast.com\/wordpress\/plugins\/seo\/ -->\n<title>Kontakt &amp; Anfahrt - Autoport Oettinger &amp; Wilde - Hamburg<\/title>\n<meta name=\"description\" content=\"Moin Moin - WIR ALS WERKSTATT - pflegen den pers\u00f6nlichen Kontakt, um alles detailliert zu erkl\u00e4ren und individuelle W\u00fcnsche zu ber\u00fccksichtigen.\" \/>\n<meta name=\"robots\" content=\"index, follow, max-snippet:-1, max-image-preview:large, max-video-preview:-1\" \/>\n<link rel=\"canonical\" href=\"https:\/\/wilde-werkstatt.de\/hamburg\/kontakt-anfahrt\/\" \/>\n<meta property=\"og:locale\" content=\"de_DE\" \/>\n<meta property=\"og:type\" content=\"article\" \/>\n<meta property=\"og:title\" content=\"Kontakt &amp; Anfahrt - Autoport Oettinger &amp; Wilde - Hamburg\" \/>\n<meta property=\"og:description\" content=\"Moin Moin - WIR ALS WERKSTATT - pflegen den pers\u00f6nlichen Kontakt, um alles detailliert zu erkl\u00e4ren und individuelle W\u00fcnsche zu ber\u00fccksichtigen.\" \/>\n<meta property=\"og:url\" content=\"https:\/\/wilde-werkstatt.de\/hamburg\/kontakt-anfahrt\/\" \/>\n<meta property=\"og:site_name\" content=\"Autoport Oettinger &amp; Wilde\" \/>\n<meta property=\"article:publisher\" content=\"https:\/\/www.facebook.com\/wildewerkstatt\/\" \/>\n<meta property=\"article:modified_time\" content=\"2025-02-11T14:07:21+00:00\" \/>\n<meta name=\"twitter:card\" content=\"summary_large_image\" \/>\n<meta name=\"twitter:label1\" content=\"Gesch\u00e4tzte Lesezeit\" \/>\n\t<meta name=\"twitter:data1\" content=\"2\u00a0Minuten\" \/>\n<script type=\"application\/ld+json\" class=\"yoast-schema-graph\">{\"@context\":\"https:\/\/schema.org\",\"@graph\":[{\"@type\":\"WebPage\",\"@id\":\"https:\/\/wilde-werkstatt.de\/hamburg\/kontakt-anfahrt\/\",\"url\":\"https:\/\/wilde-werkstatt.de\/hamburg\/kontakt-anfahrt\/\",\"name\":\"Kontakt & Anfahrt - Autoport Oettinger &amp; Wilde - Hamburg\",\"isPartOf\":{\"@id\":\"https:\/\/wilde-werkstatt.de\/hamburg\/#website\"},\"datePublished\":\"2023-04-04T10:02:36+00:00\",\"dateModified\":\"2025-02-11T14:07:21+00:00\",\"description\":\"Moin Moin - WIR ALS WERKSTATT - pflegen den pers\u00f6nlichen Kontakt, um alles detailliert zu erkl\u00e4ren und individuelle W\u00fcnsche zu ber\u00fccksichtigen.\",\"breadcrumb\":{\"@id\":\"https:\/\/wilde-werkstatt.de\/hamburg\/kontakt-anfahrt\/#breadcrumb\"},\"inLanguage\":\"de\",\"potentialAction\":[{\"@type\":\"ReadAction\",\"target\":[\"https:\/\/wilde-werkstatt.de\/hamburg\/kontakt-anfahrt\/\"]}]},{\"@type\":\"BreadcrumbList\",\"@id\":\"https:\/\/wilde-werkstatt.de\/hamburg\/kontakt-anfahrt\/#breadcrumb\",\"itemListElement\":[{\"@type\":\"ListItem\",\"position\":1,\"name\":\"Startseite\",\"item\":\"https:\/\/wilde-werkstatt.de\/hamburg\/\"},{\"@type\":\"ListItem\",\"position\":2,\"name\":\"Kontakt\"}]},{\"@type\":\"WebSite\",\"@id\":\"https:\/\/wilde-werkstatt.de\/hamburg\/#website\",\"url\":\"https:\/\/wilde-werkstatt.de\/hamburg\/\",\"name\":\"Autoport Oettinger & Wilde\",\"description\":\"\",\"publisher\":{\"@id\":\"https:\/\/wilde-werkstatt.de\/hamburg\/#organization\"},\"potentialAction\":[{\"@type\":\"SearchAction\",\"target\":{\"@type\":\"EntryPoint\",\"urlTemplate\":\"https:\/\/wilde-werkstatt.de\/hamburg\/?s={search_term_string}\"},\"query-input\":{\"@type\":\"PropertyValueSpecification\",\"valueRequired\":true,\"valueName\":\"search_term_string\"}}],\"inLanguage\":\"de\"},{\"@type\":\"Organization\",\"@id\":\"https:\/\/wilde-werkstatt.de\/hamburg\/#organization\",\"name\":\"Autoport Oettinger & Wilde\",\"url\":\"https:\/\/wilde-werkstatt.de\/hamburg\/\",\"logo\":{\"@type\":\"ImageObject\",\"inLanguage\":\"de\",\"@id\":\"https:\/\/wilde-werkstatt.de\/hamburg\/#\/schema\/logo\/image\/\",\"url\":\"https:\/\/wilde-werkstatt.de\/hamburg\/wp-content\/uploads\/2019\/11\/Logo-mit-Schrift-grau-1.png\",\"contentUrl\":\"https:\/\/wilde-werkstatt.de\/hamburg\/wp-content\/uploads\/2019\/11\/Logo-mit-Schrift-grau-1.png\",\"width\":939,\"height\":405,\"caption\":\"Autoport Oettinger & Wilde\"},\"image\":{\"@id\":\"https:\/\/wilde-werkstatt.de\/hamburg\/#\/schema\/logo\/image\/\"},\"sameAs\":[\"https:\/\/www.facebook.com\/wildewerkstatt\/\",\"https:\/\/www.instagram.com\/wilde.werkstatt\/\"]}]}<\/script>\n<!-- \/ Yoast SEO plugin. -->","yoast_head_json":{"title":"Kontakt & Anfahrt - Autoport Oettinger &amp; Wilde - Hamburg","description":"Moin Moin - WIR ALS WERKSTATT - pflegen den pers\u00f6nlichen Kontakt, um alles detailliert zu erkl\u00e4ren und individuelle W\u00fcnsche zu ber\u00fccksichtigen.","robots":{"index":"index","follow":"follow","max-snippet":"max-snippet:-1","max-image-preview":"max-image-preview:large","max-video-preview":"max-video-preview:-1"},"canonical":"https:\/\/wilde-werkstatt.de\/hamburg\/kontakt-anfahrt\/","og_locale":"de_DE","og_type":"article","og_title":"Kontakt & Anfahrt - Autoport Oettinger &amp; Wilde - Hamburg","og_description":"Moin Moin - WIR ALS WERKSTATT - pflegen den pers\u00f6nlichen Kontakt, um alles detailliert zu erkl\u00e4ren und individuelle W\u00fcnsche zu ber\u00fccksichtigen.","og_url":"https:\/\/wilde-werkstatt.de\/hamburg\/kontakt-anfahrt\/","og_site_name":"Autoport Oettinger &amp; Wilde","article_publisher":"https:\/\/www.facebook.com\/wildewerkstatt\/","article_modified_time":"2025-02-11T14:07:21+00:00","twitter_card":"summary_large_image","twitter_misc":{"Gesch\u00e4tzte Lesezeit":"2\u00a0Minuten"},"schema":{"@context":"https:\/\/schema.org","@graph":[{"@type":"WebPage","@id":"https:\/\/wilde-werkstatt.de\/hamburg\/kontakt-anfahrt\/","url":"https:\/\/wilde-werkstatt.de\/hamburg\/kontakt-anfahrt\/","name":"Kontakt & Anfahrt - Autoport Oettinger &amp; Wilde - Hamburg","isPartOf":{"@id":"https:\/\/wilde-werkstatt.de\/hamburg\/#website"},"datePublished":"2023-04-04T10:02:36+00:00","dateModified":"2025-02-11T14:07:21+00:00","description":"Moin Moin - WIR ALS WERKSTATT - pflegen den pers\u00f6nlichen Kontakt, um alles detailliert zu erkl\u00e4ren und individuelle W\u00fcnsche zu ber\u00fccksichtigen.","breadcrumb":{"@id":"https:\/\/wilde-werkstatt.de\/hamburg\/kontakt-anfahrt\/#breadcrumb"},"inLanguage":"de","potentialAction":[{"@type":"ReadAction","target":["https:\/\/wilde-werkstatt.de\/hamburg\/kontakt-anfahrt\/"]}]},{"@type":"BreadcrumbList","@id":"https:\/\/wilde-werkstatt.de\/hamburg\/kontakt-anfahrt\/#breadcrumb","itemListElement":[{"@type":"ListItem","position":1,"name":"Startseite","item":"https:\/\/wilde-werkstatt.de\/hamburg\/"},{"@type":"ListItem","position":2,"name":"Kontakt"}]},{"@type":"WebSite","@id":"https:\/\/wilde-werkstatt.de\/hamburg\/#website","url":"https:\/\/wilde-werkstatt.de\/hamburg\/","name":"Autoport Oettinger & Wilde","description":"","publisher":{"@id":"https:\/\/wilde-werkstatt.de\/hamburg\/#organization"},"potentialAction":[{"@type":"SearchAction","target":{"@type":"EntryPoint","urlTemplate":"https:\/\/wilde-werkstatt.de\/hamburg\/?s={search_term_string}"},"query-input":{"@type":"PropertyValueSpecification","valueRequired":true,"valueName":"search_term_string"}}],"inLanguage":"de"},{"@type":"Organization","@id":"https:\/\/wilde-werkstatt.de\/hamburg\/#organization","name":"Autoport Oettinger & Wilde","url":"https:\/\/wilde-werkstatt.de\/hamburg\/","logo":{"@type":"ImageObject","inLanguage":"de","@id":"https:\/\/wilde-werkstatt.de\/hamburg\/#\/schema\/logo\/image\/","url":"https:\/\/wilde-werkstatt.de\/hamburg\/wp-content\/uploads\/2019\/11\/Logo-mit-Schrift-grau-1.png","contentUrl":"https:\/\/wilde-werkstatt.de\/hamburg\/wp-content\/uploads\/2019\/11\/Logo-mit-Schrift-grau-1.png","width":939,"height":405,"caption":"Autoport Oettinger & Wilde"},"image":{"@id":"https:\/\/wilde-werkstatt.de\/hamburg\/#\/schema\/logo\/image\/"},"sameAs":["https:\/\/www.facebook.com\/wildewerkstatt\/","https:\/\/www.instagram.com\/wilde.werkstatt\/"]}]}},"_links":{"self":[{"href":"https:\/\/wilde-werkstatt.de\/hamburg\/wp-json\/wp\/v2\/pages\/1636","targetHints":{"allow":["GET"]}}],"collection":[{"href":"https:\/\/wilde-werkstatt.de\/hamburg\/wp-json\/wp\/v2\/pages"}],"about":[{"href":"https:\/\/wilde-werkstatt.de\/hamburg\/wp-json\/wp\/v2\/types\/page"}],"author":[{"embeddable":true,"href":"https:\/\/wilde-werkstatt.de\/hamburg\/wp-json\/wp\/v2\/users\/1"}],"replies":[{"embeddable":true,"href":"https:\/\/wilde-werkstatt.de\/hamburg\/wp-json\/wp\/v2\/comments?post=1636"}],"version-history":[{"count":15,"href":"https:\/\/wilde-werkstatt.de\/hamburg\/wp-json\/wp\/v2\/pages\/1636\/revisions"}],"predecessor-version":[{"id":1772,"href":"https:\/\/wilde-werkstatt.de\/hamburg\/wp-json\/wp\/v2\/pages\/1636\/revisions\/1772"}],"wp:attachment":[{"href":"https:\/\/wilde-werkstatt.de\/hamburg\/wp-json\/wp\/v2\/media?parent=1636"}],"curies":[{"name":"wp","href":"https:\/\/api.w.org\/{rel}","templated":true}]}}