{"id":1603,"date":"2023-04-04T10:57:00","date_gmt":"2023-04-04T08:57:00","guid":{"rendered":"https:\/\/wilde-werkstatt.de\/hamburg\/?page_id=1603"},"modified":"2025-02-11T15:34:52","modified_gmt":"2025-02-11T14:34:52","slug":"motorrevision-autoport","status":"publish","type":"page","link":"https:\/\/wilde-werkstatt.de\/hamburg\/service\/motorrevision-autoport\/","title":{"rendered":"Motorrevision"},"content":{"rendered":"<section class=\"wpb-content-wrapper\"><p>[vc_row full_width=&#8220;stretch_row&#8220; css=&#8220;.vc_custom_1449134047180{background-color: #ffffff !important;}&#8220;][vc_column]<div class=\"sc_section sc_section_block \"><div class=\"sc_section_inner\"><div class=\"sc_section_content_wrap\">[vc_column_text css=&#8220;.vc_custom_1680598375146{margin-bottom: 40px !important;}&#8220;]<\/p>\n<h3>Motorrevision \u2013 mit viel Leidenschaft und Erfahrung<\/h3>\n<p>[\/vc_column_text][vc_column_text]<strong>Wir bei Oettinger &amp; Wilde helfen dem Herzst\u00fcck ihres Klassikers wieder auf die Spr\u00fcnge und das mit Leidenschaft und Hingabe.<br \/>\n<\/strong><br \/>\nWir treiben Ihnen \u2013 nach der Motorkur \u2013 wieder ein breites L\u00e4cheln ins Gesicht und das bei jedem gefahrenen Kilometer.<\/p>\n<p>Seit mehreren Jahrzehnten setzen wir in unserer Werkstatt Porsche Sechszylindermotoren instand. Auch k\u00fcmmern wir uns gerne um Ihren luftgek\u00fchlten VW Motor.<\/p>\n<p>Unser Service umfasst die Revision des kompletten Motors oder die gezielte Instandsetzung von Zylinderk\u00f6pfen, Einspritzpumpen &amp; D\u00fcsen, Turbolader, Nockenwellen, Dichtungen, Anlasser und Lichtmaschine.<\/p>\n<p>Nach einer genauen Diagnose legen wir mit ihnen zusammen die genauen Ma\u00dfnahmen fest. Auf Ihre W\u00fcnsche und Anforderungen legen wir besonderen Wert.[\/vc_column_text]<\/div><\/div><\/div>[\/vc_column][\/vc_row][vc_row][vc_column][vc_column_text css=&#8220;.vc_custom_1739284323597{margin-top: -40px !important;}&#8220;]<\/p>\n<h4>Motorrevision in 10 Minuten<\/h4>\n<p>Entdecken Sie, wie ein 3,6-Liter-Porsche-Motor mit \u00fcber 100.000 km Laufleistung zu neuem Leben erweckt wird! Wir haben den Motor vollst\u00e4ndig \u00fcberholt und den Hubraum auf 3,8 Liter erh\u00f6ht. Schauen Sie jetzt rein, um die faszinierende Verwandlung zu sehen und erleben Sie die beeindruckende Leistung selbst![\/vc_column_text]<video class=\"sc_video\" src=\"https:\/\/wilde-werkstatt.de\/hamburg\/wp-content\/uploads\/2023\/04\/motorrevision.mp4\" width=\"100%\" height=\"\" data-width=\"100%\" data-height=\"\" data-ratio=\"16:9\" poster=\"https:\/\/wilde-werkstatt.de\/hamburg\/wp-content\/uploads\/2023\/04\/thmub-video-porschemotor-revision.jpg\" data-image=\"https:\/\/wilde-werkstatt.de\/hamburg\/wp-content\/uploads\/2023\/04\/thmub-video-porschemotor-revision.jpg\" data-align=\"center\" style=\"width:100%;\" autoplay=\"autoplay\" controls=\"controls\" loop=\"loop\"><\/video>[\/vc_column][\/vc_row][vc_row][vc_column][vc_column_text]Bei jeder Motorinstandsetzung legen wir bei Oettinger &amp; Wilde sehr viel Wert auf ihre W\u00fcnsche und Anforderungen.<\/p>\n<p>Entscheiden sie zum Beispiel, ob aus einem 3,6 Liter Motor ein 3,8 Liter Saugmotor mit deutlich \u00fcber 300 PS oder alles wieder original (von der \u00d6lpumpe bis zum Luftfilter) werden soll.<\/p>\n<p><strong>Wir sind Ihre Porsche Reparaturwerkstatt in Hamburg f\u00fcr alle Porsche Modelle: 911 F-Modell, G-Modell, Porsche 964 und Porsche 993.<\/strong><\/p>\n<p>Wir verwenden dabei ausschlie\u00dflich Originalteile von VW, Porsche, Mahle, Bosch &amp; Co.<br \/>\nund verf\u00fcgen \u00fcber eine gro\u00dfe Anzahl an Original Ersatzteile f\u00fcr Ihr Fahrzeug aus fast\u00a0 jeder Epoche.[\/vc_column_text][vc_empty_space height=&#8220;2em&#8220;][\/vc_column][\/vc_row][vc_row full_width=&#8220;stretch_row&#8220;][vc_column offset=&#8220;vc_col-xs-4\/5&#8243;][vc_gallery type=&#8220;image_grid&#8220; images=&#8220;1546,1376,1375,1374,1373,1262,925,923,922,920&#8243; onclick=&#8220;&#8220;][\/vc_column][\/vc_row][vc_row][vc_column][vc_empty_space height=&#8220;2em&#8220;][vc_single_image image=&#8220;1473&#8243; img_size=&#8220;full&#8220;][vc_empty_space height=&#8220;2em&#8220;][\/vc_column][\/vc_row]<\/p>\n<\/section>","protected":false},"excerpt":{"rendered":"<p>[vc_row full_width=&#8220;stretch_row&#8220; css=&#8220;.vc_custom_1449134047180{background-color: #ffffff !important;}&#8220;][vc_column][\/vc_column][\/vc_row][vc_row][vc_column][vc_column_text css=&#8220;.vc_custom_1739284323597{margin-top: -40px !important;}&#8220;] Motorrevision in 10 Minuten Entdecken Sie, wie ein 3,6-Liter-Porsche-Motor mit \u00fcber 100.000 km Laufleistung zu neuem Leben erweckt wird! Wir haben den Motor vollst\u00e4ndig \u00fcberholt und den Hubraum auf 3,8 Liter erh\u00f6ht. Schauen Sie jetzt rein, um die faszinierende Verwandlung zu sehen und erleben Sie die beeindruckende [&hellip;]<\/p>\n","protected":false},"author":1,"featured_media":0,"parent":1423,"menu_order":0,"comment_status":"closed","ping_status":"closed","template":"","meta":{"footnotes":""},"class_list":["post-1603","page","type-page","status-publish","hentry"],"yoast_head":"<!-- This site is optimized with the Yoast SEO plugin v25.8 - https:\/\/yoast.com\/wordpress\/plugins\/seo\/ -->\n<title>Motorrevision - Autoport Oettinger &amp; Wilde<\/title>\n<meta name=\"description\" content=\"40 Jahre - mit Leidenschaft und Erfahrung setzen wir ihren Motor instand - Porsche 356, 911, 964, 993 und neuer...\" \/>\n<meta name=\"robots\" content=\"index, follow, max-snippet:-1, max-image-preview:large, max-video-preview:-1\" \/>\n<link rel=\"canonical\" href=\"https:\/\/wilde-werkstatt.de\/hamburg\/service\/motorrevision-autoport\/\" \/>\n<meta property=\"og:locale\" content=\"de_DE\" \/>\n<meta property=\"og:type\" content=\"article\" \/>\n<meta property=\"og:title\" content=\"Motorrevision - Autoport Oettinger &amp; Wilde\" \/>\n<meta property=\"og:description\" content=\"40 Jahre - mit Leidenschaft und Erfahrung setzen wir ihren Motor instand - Porsche 356, 911, 964, 993 und neuer...\" \/>\n<meta property=\"og:url\" content=\"https:\/\/wilde-werkstatt.de\/hamburg\/service\/motorrevision-autoport\/\" \/>\n<meta property=\"og:site_name\" content=\"Autoport Oettinger &amp; Wilde\" \/>\n<meta property=\"article:publisher\" content=\"https:\/\/www.facebook.com\/wildewerkstatt\/\" \/>\n<meta property=\"article:modified_time\" content=\"2025-02-11T14:34:52+00:00\" \/>\n<meta name=\"twitter:card\" content=\"summary_large_image\" \/>\n<meta name=\"twitter:label1\" content=\"Gesch\u00e4tzte Lesezeit\" \/>\n\t<meta name=\"twitter:data1\" content=\"3\u00a0Minuten\" \/>\n<script type=\"application\/ld+json\" class=\"yoast-schema-graph\">{\"@context\":\"https:\/\/schema.org\",\"@graph\":[{\"@type\":\"WebPage\",\"@id\":\"https:\/\/wilde-werkstatt.de\/hamburg\/service\/motorrevision-autoport\/\",\"url\":\"https:\/\/wilde-werkstatt.de\/hamburg\/service\/motorrevision-autoport\/\",\"name\":\"Motorrevision - Autoport Oettinger &amp; Wilde\",\"isPartOf\":{\"@id\":\"https:\/\/wilde-werkstatt.de\/hamburg\/#website\"},\"datePublished\":\"2023-04-04T08:57:00+00:00\",\"dateModified\":\"2025-02-11T14:34:52+00:00\",\"description\":\"40 Jahre - mit Leidenschaft und Erfahrung setzen wir ihren Motor instand - Porsche 356, 911, 964, 993 und neuer...\",\"breadcrumb\":{\"@id\":\"https:\/\/wilde-werkstatt.de\/hamburg\/service\/motorrevision-autoport\/#breadcrumb\"},\"inLanguage\":\"de\",\"potentialAction\":[{\"@type\":\"ReadAction\",\"target\":[\"https:\/\/wilde-werkstatt.de\/hamburg\/service\/motorrevision-autoport\/\"]}]},{\"@type\":\"BreadcrumbList\",\"@id\":\"https:\/\/wilde-werkstatt.de\/hamburg\/service\/motorrevision-autoport\/#breadcrumb\",\"itemListElement\":[{\"@type\":\"ListItem\",\"position\":1,\"name\":\"Startseite\",\"item\":\"https:\/\/wilde-werkstatt.de\/hamburg\/\"},{\"@type\":\"ListItem\",\"position\":2,\"name\":\"Service\",\"item\":\"https:\/\/wilde-werkstatt.de\/hamburg\/service\/\"},{\"@type\":\"ListItem\",\"position\":3,\"name\":\"Motorrevision\"}]},{\"@type\":\"WebSite\",\"@id\":\"https:\/\/wilde-werkstatt.de\/hamburg\/#website\",\"url\":\"https:\/\/wilde-werkstatt.de\/hamburg\/\",\"name\":\"Autoport Oettinger & Wilde\",\"description\":\"\",\"publisher\":{\"@id\":\"https:\/\/wilde-werkstatt.de\/hamburg\/#organization\"},\"potentialAction\":[{\"@type\":\"SearchAction\",\"target\":{\"@type\":\"EntryPoint\",\"urlTemplate\":\"https:\/\/wilde-werkstatt.de\/hamburg\/?s={search_term_string}\"},\"query-input\":{\"@type\":\"PropertyValueSpecification\",\"valueRequired\":true,\"valueName\":\"search_term_string\"}}],\"inLanguage\":\"de\"},{\"@type\":\"Organization\",\"@id\":\"https:\/\/wilde-werkstatt.de\/hamburg\/#organization\",\"name\":\"Autoport Oettinger & Wilde\",\"url\":\"https:\/\/wilde-werkstatt.de\/hamburg\/\",\"logo\":{\"@type\":\"ImageObject\",\"inLanguage\":\"de\",\"@id\":\"https:\/\/wilde-werkstatt.de\/hamburg\/#\/schema\/logo\/image\/\",\"url\":\"https:\/\/wilde-werkstatt.de\/hamburg\/wp-content\/uploads\/2019\/11\/Logo-mit-Schrift-grau-1.png\",\"contentUrl\":\"https:\/\/wilde-werkstatt.de\/hamburg\/wp-content\/uploads\/2019\/11\/Logo-mit-Schrift-grau-1.png\",\"width\":939,\"height\":405,\"caption\":\"Autoport Oettinger & Wilde\"},\"image\":{\"@id\":\"https:\/\/wilde-werkstatt.de\/hamburg\/#\/schema\/logo\/image\/\"},\"sameAs\":[\"https:\/\/www.facebook.com\/wildewerkstatt\/\",\"https:\/\/www.instagram.com\/wilde.werkstatt\/\"]}]}<\/script>\n<!-- \/ Yoast SEO plugin. -->","yoast_head_json":{"title":"Motorrevision - Autoport Oettinger &amp; Wilde","description":"40 Jahre - mit Leidenschaft und Erfahrung setzen wir ihren Motor instand - Porsche 356, 911, 964, 993 und neuer...","robots":{"index":"index","follow":"follow","max-snippet":"max-snippet:-1","max-image-preview":"max-image-preview:large","max-video-preview":"max-video-preview:-1"},"canonical":"https:\/\/wilde-werkstatt.de\/hamburg\/service\/motorrevision-autoport\/","og_locale":"de_DE","og_type":"article","og_title":"Motorrevision - Autoport Oettinger &amp; Wilde","og_description":"40 Jahre - mit Leidenschaft und Erfahrung setzen wir ihren Motor instand - Porsche 356, 911, 964, 993 und neuer...","og_url":"https:\/\/wilde-werkstatt.de\/hamburg\/service\/motorrevision-autoport\/","og_site_name":"Autoport Oettinger &amp; Wilde","article_publisher":"https:\/\/www.facebook.com\/wildewerkstatt\/","article_modified_time":"2025-02-11T14:34:52+00:00","twitter_card":"summary_large_image","twitter_misc":{"Gesch\u00e4tzte Lesezeit":"3\u00a0Minuten"},"schema":{"@context":"https:\/\/schema.org","@graph":[{"@type":"WebPage","@id":"https:\/\/wilde-werkstatt.de\/hamburg\/service\/motorrevision-autoport\/","url":"https:\/\/wilde-werkstatt.de\/hamburg\/service\/motorrevision-autoport\/","name":"Motorrevision - Autoport Oettinger &amp; Wilde","isPartOf":{"@id":"https:\/\/wilde-werkstatt.de\/hamburg\/#website"},"datePublished":"2023-04-04T08:57:00+00:00","dateModified":"2025-02-11T14:34:52+00:00","description":"40 Jahre - mit Leidenschaft und Erfahrung setzen wir ihren Motor instand - Porsche 356, 911, 964, 993 und neuer...","breadcrumb":{"@id":"https:\/\/wilde-werkstatt.de\/hamburg\/service\/motorrevision-autoport\/#breadcrumb"},"inLanguage":"de","potentialAction":[{"@type":"ReadAction","target":["https:\/\/wilde-werkstatt.de\/hamburg\/service\/motorrevision-autoport\/"]}]},{"@type":"BreadcrumbList","@id":"https:\/\/wilde-werkstatt.de\/hamburg\/service\/motorrevision-autoport\/#breadcrumb","itemListElement":[{"@type":"ListItem","position":1,"name":"Startseite","item":"https:\/\/wilde-werkstatt.de\/hamburg\/"},{"@type":"ListItem","position":2,"name":"Service","item":"https:\/\/wilde-werkstatt.de\/hamburg\/service\/"},{"@type":"ListItem","position":3,"name":"Motorrevision"}]},{"@type":"WebSite","@id":"https:\/\/wilde-werkstatt.de\/hamburg\/#website","url":"https:\/\/wilde-werkstatt.de\/hamburg\/","name":"Autoport Oettinger & Wilde","description":"","publisher":{"@id":"https:\/\/wilde-werkstatt.de\/hamburg\/#organization"},"potentialAction":[{"@type":"SearchAction","target":{"@type":"EntryPoint","urlTemplate":"https:\/\/wilde-werkstatt.de\/hamburg\/?s={search_term_string}"},"query-input":{"@type":"PropertyValueSpecification","valueRequired":true,"valueName":"search_term_string"}}],"inLanguage":"de"},{"@type":"Organization","@id":"https:\/\/wilde-werkstatt.de\/hamburg\/#organization","name":"Autoport Oettinger & Wilde","url":"https:\/\/wilde-werkstatt.de\/hamburg\/","logo":{"@type":"ImageObject","inLanguage":"de","@id":"https:\/\/wilde-werkstatt.de\/hamburg\/#\/schema\/logo\/image\/","url":"https:\/\/wilde-werkstatt.de\/hamburg\/wp-content\/uploads\/2019\/11\/Logo-mit-Schrift-grau-1.png","contentUrl":"https:\/\/wilde-werkstatt.de\/hamburg\/wp-content\/uploads\/2019\/11\/Logo-mit-Schrift-grau-1.png","width":939,"height":405,"caption":"Autoport Oettinger & Wilde"},"image":{"@id":"https:\/\/wilde-werkstatt.de\/hamburg\/#\/schema\/logo\/image\/"},"sameAs":["https:\/\/www.facebook.com\/wildewerkstatt\/","https:\/\/www.instagram.com\/wilde.werkstatt\/"]}]}},"_links":{"self":[{"href":"https:\/\/wilde-werkstatt.de\/hamburg\/wp-json\/wp\/v2\/pages\/1603","targetHints":{"allow":["GET"]}}],"collection":[{"href":"https:\/\/wilde-werkstatt.de\/hamburg\/wp-json\/wp\/v2\/pages"}],"about":[{"href":"https:\/\/wilde-werkstatt.de\/hamburg\/wp-json\/wp\/v2\/types\/page"}],"author":[{"embeddable":true,"href":"https:\/\/wilde-werkstatt.de\/hamburg\/wp-json\/wp\/v2\/users\/1"}],"replies":[{"embeddable":true,"href":"https:\/\/wilde-werkstatt.de\/hamburg\/wp-json\/wp\/v2\/comments?post=1603"}],"version-history":[{"count":23,"href":"https:\/\/wilde-werkstatt.de\/hamburg\/wp-json\/wp\/v2\/pages\/1603\/revisions"}],"predecessor-version":[{"id":1964,"href":"https:\/\/wilde-werkstatt.de\/hamburg\/wp-json\/wp\/v2\/pages\/1603\/revisions\/1964"}],"up":[{"embeddable":true,"href":"https:\/\/wilde-werkstatt.de\/hamburg\/wp-json\/wp\/v2\/pages\/1423"}],"wp:attachment":[{"href":"https:\/\/wilde-werkstatt.de\/hamburg\/wp-json\/wp\/v2\/media?parent=1603"}],"curies":[{"name":"wp","href":"https:\/\/api.w.org\/{rel}","templated":true}]}}