{"id":1594,"date":"2023-04-04T10:34:59","date_gmt":"2023-04-04T08:34:59","guid":{"rendered":"https:\/\/wilde-werkstatt.de\/hamburg\/?page_id=1594"},"modified":"2023-04-07T16:41:10","modified_gmt":"2023-04-07T14:41:10","slug":"restauration-autoport","status":"publish","type":"page","link":"https:\/\/wilde-werkstatt.de\/hamburg\/service\/restauration-autoport\/","title":{"rendered":"Restauration"},"content":{"rendered":"<section class=\"wpb-content-wrapper\"><p>[vc_row full_width=&#8220;stretch_row&#8220; css=&#8220;.vc_custom_1449134047180{background-color: #ffffff !important;}&#8220;][vc_column]<div class=\"sc_section sc_section_block \"><div class=\"sc_section_inner\"><div class=\"sc_section_content_wrap\">[vc_column_text css=&#8220;.vc_custom_1680874499080{margin-bottom: 40px !important;}&#8220;]<\/p>\n<h3>Die Liebe zum alten Blech &#8211; Unsere Passion<\/h3>\n<p>[\/vc_column_text][vc_column_text]<strong>Die Jahre haben ihre Spuren hinterlassen: Rostige Bleche, ausgeblichener Lack, durchgerostete Radl\u00e4ufe, maroder Unterboden, Motor, Schl\u00e4uche und Kabel in schlechtem Zustand&#8230; Doch trotzdem m\u00f6chten Sie die Freude an Ihrem Young- oder Oldtimer noch viele weitere Jahre erleben?<\/strong><\/p>\n<p>Genau daf\u00fcr sind wir da. Bei uns steht die perfekte Restauration und Konservierung Ihres Fahrzeugs im Mittelpunkt. Mit gro\u00dfer Hingabe und Leidenschaft k\u00fcmmern wir uns um luftgek\u00fchlte Porsche-Modelle, sowie um exotische Klassiker wie Ferraris und Co.<\/p>\n<p>Egal in welchem Zustand sich Ihr Young- oder Oldtimer befindet &#8211; mit \u00fcber 40 Jahren Erfahrung bieten wir Ihnen eine perfekte Beratung und Ausf\u00fchrung. Unsere Passion ist es, Fahrzeuge zu restaurieren, damit sie ihren Glanz und ihre Geschichte noch lange bewahren k\u00f6nnen.[\/vc_column_text]<\/div><\/div><\/div>[vc_empty_space height=&#8220;3em&#8220;][\/vc_column][\/vc_row][vc_row full_width=&#8220;stretch_row&#8220; equal_height=&#8220;yes&#8220; content_placement=&#8220;middle&#8220;][vc_column css_animation=&#8220;fadeIn&#8220;][vc_gallery type=&#8220;image_grid&#8220; images=&#8220;556,802,557,1382,559,1383,1391,1398,1402,1394,1401,932,555,554,552&#8243; img_size=&#8220;medium&#8220; onclick=&#8220;&#8220; css_animation=&#8220;fadeIn&#8220;][\/vc_column][\/vc_row][vc_row css=&#8220;.vc_custom_1680684026609{margin-top: -20px !important;}&#8220;][vc_column][vc_column_text]<\/p>\n<h4>Unser Service im Detail:<\/h4>\n<p>Wir stellen den Restaurationsbedarf fest, gern mit ihnen zusammen. Drauf hin erstellen wir ihnen ein Zeit- und Kostenplan.<\/p>\n<p>Es folgt die Komplettdemontage des Fahrzeugs und die genaue Begutachtung aller Teile. Der Neuaufbau des Fahrzeugs beginnt und wird von uns Schritt f\u00fcr Schritt dokumentiert. Nach Abschluss der Restaurierung erfolgt die pers\u00f6nlich \u00dcbergabe und Probefahrt. Machen sie sich ein Bild bei uns vor Ort. Wir w\u00fcrden uns freuen sie pers\u00f6nlich begr\u00fc\u00dfen zu d\u00fcrfen.<\/p>\n<p><strong>Teile, f\u00fcr die es keine Ersatzteile mehr gibt und wir nicht mehr auf Lager haben, fertigen wir passgenaue an.<\/strong>[\/vc_column_text][\/vc_column][\/vc_row][vc_row][vc_column][vc_empty_space height=&#8220;2em&#8220;][vc_single_image image=&#8220;1598&#8243; img_size=&#8220;full&#8220;][vc_empty_space height=&#8220;2em&#8220;][\/vc_column][\/vc_row][vc_row][vc_column][vc_column_text]Zum Restaurationsumfang geh\u00f6rt auch die Instandsetzung oder der Austausch von:<br \/>\nAchs- &amp; Fahrwerksteilen, Bremsen, Lager, Verschlei\u00dfteile, Zierleisten, Innenausstattung, Anzeigen und der kompletten Elektrik.<\/p>\n<p><strong>Nat\u00fcrlich bieten wir auch eine Teilrestaurierungen ihres Fahrzeugs an.<\/strong>[\/vc_column_text][\/vc_column][\/vc_row][vc_row][vc_column][vc_empty_space height=&#8220;2em&#8220;][vc_single_image image=&#8220;1473&#8243; img_size=&#8220;full&#8220;][vc_empty_space height=&#8220;2em&#8220;][\/vc_column][\/vc_row]<\/p>\n<\/section>","protected":false},"excerpt":{"rendered":"<p>[vc_row full_width=&#8220;stretch_row&#8220; css=&#8220;.vc_custom_1449134047180{background-color: #ffffff !important;}&#8220;][vc_column][vc_empty_space height=&#8220;3em&#8220;][\/vc_column][\/vc_row][vc_row full_width=&#8220;stretch_row&#8220; equal_height=&#8220;yes&#8220; content_placement=&#8220;middle&#8220;][vc_column css_animation=&#8220;fadeIn&#8220;][vc_gallery type=&#8220;image_grid&#8220; images=&#8220;556,802,557,1382,559,1383,1391,1398,1402,1394,1401,932,555,554,552&#8243; img_size=&#8220;medium&#8220; onclick=&#8220;&#8220; css_animation=&#8220;fadeIn&#8220;][\/vc_column][\/vc_row][vc_row css=&#8220;.vc_custom_1680684026609{margin-top: -20px !important;}&#8220;][vc_column][vc_column_text] Unser Service im Detail: Wir stellen den Restaurationsbedarf fest, gern mit ihnen zusammen. Drauf hin erstellen wir ihnen ein Zeit- und Kostenplan. Es folgt die Komplettdemontage des Fahrzeugs und die genaue Begutachtung aller Teile. Der Neuaufbau des [&hellip;]<\/p>\n","protected":false},"author":1,"featured_media":0,"parent":1423,"menu_order":0,"comment_status":"closed","ping_status":"closed","template":"","meta":{"footnotes":""},"class_list":["post-1594","page","type-page","status-publish","hentry"],"yoast_head":"<!-- This site is optimized with the Yoast SEO plugin v25.8 - https:\/\/yoast.com\/wordpress\/plugins\/seo\/ -->\n<title>Restauration - Autoport Oettinger &amp; Wilde<\/title>\n<meta name=\"description\" content=\"Unser Leidenschaft ist die zeitgen\u00f6ssische Restaurierung von luftgek\u00fchlten Porsche 356 bis 911 und Exoten wie klassische Ferraris und Co.\" \/>\n<meta name=\"robots\" content=\"index, follow, max-snippet:-1, max-image-preview:large, max-video-preview:-1\" \/>\n<link rel=\"canonical\" href=\"https:\/\/wilde-werkstatt.de\/hamburg\/service\/restauration-autoport\/\" \/>\n<meta property=\"og:locale\" content=\"de_DE\" \/>\n<meta property=\"og:type\" content=\"article\" \/>\n<meta property=\"og:title\" content=\"Restauration - Autoport Oettinger &amp; Wilde\" \/>\n<meta property=\"og:description\" content=\"Unser Leidenschaft ist die zeitgen\u00f6ssische Restaurierung von luftgek\u00fchlten Porsche 356 bis 911 und Exoten wie klassische Ferraris und Co.\" \/>\n<meta property=\"og:url\" content=\"https:\/\/wilde-werkstatt.de\/hamburg\/service\/restauration-autoport\/\" \/>\n<meta property=\"og:site_name\" content=\"Autoport Oettinger &amp; Wilde\" \/>\n<meta property=\"article:publisher\" content=\"https:\/\/www.facebook.com\/wildewerkstatt\/\" \/>\n<meta property=\"article:modified_time\" content=\"2023-04-07T14:41:10+00:00\" \/>\n<meta name=\"twitter:card\" content=\"summary_large_image\" \/>\n<meta name=\"twitter:label1\" content=\"Gesch\u00e4tzte Lesezeit\" \/>\n\t<meta name=\"twitter:data1\" content=\"2\u00a0Minuten\" \/>\n<script type=\"application\/ld+json\" class=\"yoast-schema-graph\">{\"@context\":\"https:\/\/schema.org\",\"@graph\":[{\"@type\":\"WebPage\",\"@id\":\"https:\/\/wilde-werkstatt.de\/hamburg\/service\/restauration-autoport\/\",\"url\":\"https:\/\/wilde-werkstatt.de\/hamburg\/service\/restauration-autoport\/\",\"name\":\"Restauration - Autoport Oettinger &amp; Wilde\",\"isPartOf\":{\"@id\":\"https:\/\/wilde-werkstatt.de\/hamburg\/#website\"},\"datePublished\":\"2023-04-04T08:34:59+00:00\",\"dateModified\":\"2023-04-07T14:41:10+00:00\",\"description\":\"Unser Leidenschaft ist die zeitgen\u00f6ssische Restaurierung von luftgek\u00fchlten Porsche 356 bis 911 und Exoten wie klassische Ferraris und Co.\",\"breadcrumb\":{\"@id\":\"https:\/\/wilde-werkstatt.de\/hamburg\/service\/restauration-autoport\/#breadcrumb\"},\"inLanguage\":\"de\",\"potentialAction\":[{\"@type\":\"ReadAction\",\"target\":[\"https:\/\/wilde-werkstatt.de\/hamburg\/service\/restauration-autoport\/\"]}]},{\"@type\":\"BreadcrumbList\",\"@id\":\"https:\/\/wilde-werkstatt.de\/hamburg\/service\/restauration-autoport\/#breadcrumb\",\"itemListElement\":[{\"@type\":\"ListItem\",\"position\":1,\"name\":\"Startseite\",\"item\":\"https:\/\/wilde-werkstatt.de\/hamburg\/\"},{\"@type\":\"ListItem\",\"position\":2,\"name\":\"Service\",\"item\":\"https:\/\/wilde-werkstatt.de\/hamburg\/service\/\"},{\"@type\":\"ListItem\",\"position\":3,\"name\":\"Restauration\"}]},{\"@type\":\"WebSite\",\"@id\":\"https:\/\/wilde-werkstatt.de\/hamburg\/#website\",\"url\":\"https:\/\/wilde-werkstatt.de\/hamburg\/\",\"name\":\"Autoport Oettinger & Wilde\",\"description\":\"\",\"publisher\":{\"@id\":\"https:\/\/wilde-werkstatt.de\/hamburg\/#organization\"},\"potentialAction\":[{\"@type\":\"SearchAction\",\"target\":{\"@type\":\"EntryPoint\",\"urlTemplate\":\"https:\/\/wilde-werkstatt.de\/hamburg\/?s={search_term_string}\"},\"query-input\":{\"@type\":\"PropertyValueSpecification\",\"valueRequired\":true,\"valueName\":\"search_term_string\"}}],\"inLanguage\":\"de\"},{\"@type\":\"Organization\",\"@id\":\"https:\/\/wilde-werkstatt.de\/hamburg\/#organization\",\"name\":\"Autoport Oettinger & Wilde\",\"url\":\"https:\/\/wilde-werkstatt.de\/hamburg\/\",\"logo\":{\"@type\":\"ImageObject\",\"inLanguage\":\"de\",\"@id\":\"https:\/\/wilde-werkstatt.de\/hamburg\/#\/schema\/logo\/image\/\",\"url\":\"https:\/\/wilde-werkstatt.de\/hamburg\/wp-content\/uploads\/2019\/11\/Logo-mit-Schrift-grau-1.png\",\"contentUrl\":\"https:\/\/wilde-werkstatt.de\/hamburg\/wp-content\/uploads\/2019\/11\/Logo-mit-Schrift-grau-1.png\",\"width\":939,\"height\":405,\"caption\":\"Autoport Oettinger & Wilde\"},\"image\":{\"@id\":\"https:\/\/wilde-werkstatt.de\/hamburg\/#\/schema\/logo\/image\/\"},\"sameAs\":[\"https:\/\/www.facebook.com\/wildewerkstatt\/\",\"https:\/\/www.instagram.com\/wilde.werkstatt\/\"]}]}<\/script>\n<!-- \/ Yoast SEO plugin. -->","yoast_head_json":{"title":"Restauration - Autoport Oettinger &amp; Wilde","description":"Unser Leidenschaft ist die zeitgen\u00f6ssische Restaurierung von luftgek\u00fchlten Porsche 356 bis 911 und Exoten wie klassische Ferraris und Co.","robots":{"index":"index","follow":"follow","max-snippet":"max-snippet:-1","max-image-preview":"max-image-preview:large","max-video-preview":"max-video-preview:-1"},"canonical":"https:\/\/wilde-werkstatt.de\/hamburg\/service\/restauration-autoport\/","og_locale":"de_DE","og_type":"article","og_title":"Restauration - Autoport Oettinger &amp; Wilde","og_description":"Unser Leidenschaft ist die zeitgen\u00f6ssische Restaurierung von luftgek\u00fchlten Porsche 356 bis 911 und Exoten wie klassische Ferraris und Co.","og_url":"https:\/\/wilde-werkstatt.de\/hamburg\/service\/restauration-autoport\/","og_site_name":"Autoport Oettinger &amp; Wilde","article_publisher":"https:\/\/www.facebook.com\/wildewerkstatt\/","article_modified_time":"2023-04-07T14:41:10+00:00","twitter_card":"summary_large_image","twitter_misc":{"Gesch\u00e4tzte Lesezeit":"2\u00a0Minuten"},"schema":{"@context":"https:\/\/schema.org","@graph":[{"@type":"WebPage","@id":"https:\/\/wilde-werkstatt.de\/hamburg\/service\/restauration-autoport\/","url":"https:\/\/wilde-werkstatt.de\/hamburg\/service\/restauration-autoport\/","name":"Restauration - Autoport Oettinger &amp; Wilde","isPartOf":{"@id":"https:\/\/wilde-werkstatt.de\/hamburg\/#website"},"datePublished":"2023-04-04T08:34:59+00:00","dateModified":"2023-04-07T14:41:10+00:00","description":"Unser Leidenschaft ist die zeitgen\u00f6ssische Restaurierung von luftgek\u00fchlten Porsche 356 bis 911 und Exoten wie klassische Ferraris und Co.","breadcrumb":{"@id":"https:\/\/wilde-werkstatt.de\/hamburg\/service\/restauration-autoport\/#breadcrumb"},"inLanguage":"de","potentialAction":[{"@type":"ReadAction","target":["https:\/\/wilde-werkstatt.de\/hamburg\/service\/restauration-autoport\/"]}]},{"@type":"BreadcrumbList","@id":"https:\/\/wilde-werkstatt.de\/hamburg\/service\/restauration-autoport\/#breadcrumb","itemListElement":[{"@type":"ListItem","position":1,"name":"Startseite","item":"https:\/\/wilde-werkstatt.de\/hamburg\/"},{"@type":"ListItem","position":2,"name":"Service","item":"https:\/\/wilde-werkstatt.de\/hamburg\/service\/"},{"@type":"ListItem","position":3,"name":"Restauration"}]},{"@type":"WebSite","@id":"https:\/\/wilde-werkstatt.de\/hamburg\/#website","url":"https:\/\/wilde-werkstatt.de\/hamburg\/","name":"Autoport Oettinger & Wilde","description":"","publisher":{"@id":"https:\/\/wilde-werkstatt.de\/hamburg\/#organization"},"potentialAction":[{"@type":"SearchAction","target":{"@type":"EntryPoint","urlTemplate":"https:\/\/wilde-werkstatt.de\/hamburg\/?s={search_term_string}"},"query-input":{"@type":"PropertyValueSpecification","valueRequired":true,"valueName":"search_term_string"}}],"inLanguage":"de"},{"@type":"Organization","@id":"https:\/\/wilde-werkstatt.de\/hamburg\/#organization","name":"Autoport Oettinger & Wilde","url":"https:\/\/wilde-werkstatt.de\/hamburg\/","logo":{"@type":"ImageObject","inLanguage":"de","@id":"https:\/\/wilde-werkstatt.de\/hamburg\/#\/schema\/logo\/image\/","url":"https:\/\/wilde-werkstatt.de\/hamburg\/wp-content\/uploads\/2019\/11\/Logo-mit-Schrift-grau-1.png","contentUrl":"https:\/\/wilde-werkstatt.de\/hamburg\/wp-content\/uploads\/2019\/11\/Logo-mit-Schrift-grau-1.png","width":939,"height":405,"caption":"Autoport Oettinger & Wilde"},"image":{"@id":"https:\/\/wilde-werkstatt.de\/hamburg\/#\/schema\/logo\/image\/"},"sameAs":["https:\/\/www.facebook.com\/wildewerkstatt\/","https:\/\/www.instagram.com\/wilde.werkstatt\/"]}]}},"_links":{"self":[{"href":"https:\/\/wilde-werkstatt.de\/hamburg\/wp-json\/wp\/v2\/pages\/1594","targetHints":{"allow":["GET"]}}],"collection":[{"href":"https:\/\/wilde-werkstatt.de\/hamburg\/wp-json\/wp\/v2\/pages"}],"about":[{"href":"https:\/\/wilde-werkstatt.de\/hamburg\/wp-json\/wp\/v2\/types\/page"}],"author":[{"embeddable":true,"href":"https:\/\/wilde-werkstatt.de\/hamburg\/wp-json\/wp\/v2\/users\/1"}],"replies":[{"embeddable":true,"href":"https:\/\/wilde-werkstatt.de\/hamburg\/wp-json\/wp\/v2\/comments?post=1594"}],"version-history":[{"count":8,"href":"https:\/\/wilde-werkstatt.de\/hamburg\/wp-json\/wp\/v2\/pages\/1594\/revisions"}],"predecessor-version":[{"id":1752,"href":"https:\/\/wilde-werkstatt.de\/hamburg\/wp-json\/wp\/v2\/pages\/1594\/revisions\/1752"}],"up":[{"embeddable":true,"href":"https:\/\/wilde-werkstatt.de\/hamburg\/wp-json\/wp\/v2\/pages\/1423"}],"wp:attachment":[{"href":"https:\/\/wilde-werkstatt.de\/hamburg\/wp-json\/wp\/v2\/media?parent=1594"}],"curies":[{"name":"wp","href":"https:\/\/api.w.org\/{rel}","templated":true}]}}