{"id":1588,"date":"2023-04-04T10:29:11","date_gmt":"2023-04-04T08:29:11","guid":{"rendered":"https:\/\/wilde-werkstatt.de\/hamburg\/?page_id=1588"},"modified":"2025-02-11T14:51:33","modified_gmt":"2025-02-11T13:51:33","slug":"reparatur-autorport","status":"publish","type":"page","link":"https:\/\/wilde-werkstatt.de\/hamburg\/service\/reparatur-autorport\/","title":{"rendered":"Reparatur"},"content":{"rendered":"<section class=\"wpb-content-wrapper\"><p>[vc_row full_width=&#8220;stretch_row&#8220; css=&#8220;.vc_custom_1449134047180{background-color: #ffffff !important;}&#8220;][vc_column]<div class=\"sc_section sc_section_block \"><div class=\"sc_section_inner\"><div class=\"sc_section_content_wrap\">[vc_column_text css=&#8220;.vc_custom_1680595836768{margin-bottom: 40px !important;}&#8220;]<\/p>\n<h3><strong>Anerkannte Reparaturwerkstatt f\u00fcr Porsche <\/strong><\/h3>\n<p>[\/vc_column_text][vc_column_text]<strong>Ihr Auto ist bei Oettinger &amp; Wilde in besten H\u00e4nden!<\/strong><br \/>\n<strong>T\u00e4glich kann es passieren, da\u00df kleine oder gro\u00dfe Sch\u00e4den an Ihrem Fahrzeug auftreten, die eine Reparatur erfordern. Unsere zahlreichen und zufriedenen Kunden sch\u00e4tzen den besonderen Service, den wir als Kfz-Meisterbetrieb Autoport Oettinger &amp; Wilde bieten.<br \/>\n<\/strong><br \/>\nVon der genauen Analyse \u00fcber die Beratung bis hin zur fachgerechten Durchf\u00fchrung der einzelnen Reparaturen. Dabei verbinden wir pr\u00e4zises Handwerk mit modernster Technik.<\/p>\n<p><strong>Nutzen sie unsere Leidenschaft f\u00fcr alle Porsche und VW Modelle.<\/strong>[\/vc_column_text]<\/div><\/div><\/div>[vc_empty_space height=&#8220;1em&#8220;][\/vc_column][\/vc_row][vc_row][vc_column][vc_single_image image=&#8220;1589&#8243; img_size=&#8220;full&#8220;][\/vc_column][\/vc_row][vc_row][vc_column][vc_empty_space height=&#8220;2em&#8220;][vc_column_text]In unserer Hamburger Werkstatt stecken wir \u00fcber 35 Jahre Erfahrung und Leidenschaft in jede Porsche-Reparatur, um sicherzustellen, dass Ihr Fahrzeug nach der Reparatur wieder perfekt funktioniert. Ob kleine oder gro\u00dfe Probleme, wir bieten schnelle und kompetente Hilfe f\u00fcr Ihren klassischen Porsche oder VW.<\/p>\n<p>Unsere Kunden profitieren von der gleichen Ersatzteilgarantie wie in einer Vertragswerkstatt. Mit modernsten Hilfsmitteln, speziellen Werkzeugen und umfassender Diagnosetechnik stehen wir bereit, um jede Reparatur professionell durchzuf\u00fchren.<\/p>\n<p>Vertrauen Sie auf unsere Expertise f\u00fcr erstklassigen Porsche- und VW-Service in Hamburg.[\/vc_column_text][vc_empty_space height=&#8220;2em&#8220;][\/vc_column][\/vc_row][vc_row full_width=&#8220;stretch_row&#8220; content_placement=&#8220;middle&#8220;][vc_column][vc_gallery type=&#8220;flexslider_slide&#8220; interval=&#8220;3&#8243; images=&#8220;1549,1270,1269,933&#8243; img_size=&#8220;medium&#8220; onclick=&#8220;&#8220;][\/vc_column][\/vc_row][vc_row][vc_column][vc_empty_space height=&#8220;2em&#8220;][vc_single_image image=&#8220;1473&#8243; img_size=&#8220;full&#8220;][vc_empty_space height=&#8220;2em&#8220;][\/vc_column][\/vc_row]<\/p>\n<\/section>","protected":false},"excerpt":{"rendered":"<p>[vc_row full_width=&#8220;stretch_row&#8220; css=&#8220;.vc_custom_1449134047180{background-color: #ffffff !important;}&#8220;][vc_column][vc_empty_space height=&#8220;1em&#8220;][\/vc_column][\/vc_row][vc_row][vc_column][vc_single_image image=&#8220;1589&#8243; img_size=&#8220;full&#8220;][\/vc_column][\/vc_row][vc_row][vc_column][vc_empty_space height=&#8220;2em&#8220;][vc_column_text]In unserer Hamburger Werkstatt stecken wir \u00fcber 35 Jahre Erfahrung und Leidenschaft in jede Porsche-Reparatur, um sicherzustellen, dass Ihr Fahrzeug nach der Reparatur wieder perfekt funktioniert. Ob kleine oder gro\u00dfe Probleme, wir bieten schnelle und kompetente Hilfe f\u00fcr Ihren klassischen Porsche oder VW. Unsere Kunden profitieren von [&hellip;]<\/p>\n","protected":false},"author":1,"featured_media":0,"parent":1423,"menu_order":0,"comment_status":"closed","ping_status":"closed","template":"","meta":{"footnotes":""},"class_list":["post-1588","page","type-page","status-publish","hentry"],"yoast_head":"<!-- This site is optimized with the Yoast SEO plugin v25.8 - https:\/\/yoast.com\/wordpress\/plugins\/seo\/ -->\n<title>Reparaturwerkstatt f\u00fcr Porsche seit 1980 in Hamburg<\/title>\n<meta name=\"description\" content=\"Wir reparieren kleine und gro\u00dfe Probleme an ihrem klassischen Porsche oder VW mit viele Erfahrung und Leidenschaft seit 40 Jahren.\" \/>\n<meta name=\"robots\" content=\"index, follow, max-snippet:-1, max-image-preview:large, max-video-preview:-1\" \/>\n<link rel=\"canonical\" href=\"https:\/\/wilde-werkstatt.de\/hamburg\/service\/reparatur-autorport\/\" \/>\n<meta property=\"og:locale\" content=\"de_DE\" \/>\n<meta property=\"og:type\" content=\"article\" \/>\n<meta property=\"og:title\" content=\"Reparaturwerkstatt f\u00fcr Porsche seit 1980 in Hamburg\" \/>\n<meta property=\"og:description\" content=\"Wir reparieren kleine und gro\u00dfe Probleme an ihrem klassischen Porsche oder VW mit viele Erfahrung und Leidenschaft seit 40 Jahren.\" \/>\n<meta property=\"og:url\" content=\"https:\/\/wilde-werkstatt.de\/hamburg\/service\/reparatur-autorport\/\" \/>\n<meta property=\"og:site_name\" content=\"Autoport Oettinger &amp; Wilde\" \/>\n<meta property=\"article:publisher\" content=\"https:\/\/www.facebook.com\/wildewerkstatt\/\" \/>\n<meta property=\"article:modified_time\" content=\"2025-02-11T13:51:33+00:00\" \/>\n<meta name=\"twitter:card\" content=\"summary_large_image\" \/>\n<meta name=\"twitter:label1\" content=\"Gesch\u00e4tzte Lesezeit\" \/>\n\t<meta name=\"twitter:data1\" content=\"3\u00a0Minuten\" \/>\n<script type=\"application\/ld+json\" class=\"yoast-schema-graph\">{\"@context\":\"https:\/\/schema.org\",\"@graph\":[{\"@type\":\"WebPage\",\"@id\":\"https:\/\/wilde-werkstatt.de\/hamburg\/service\/reparatur-autorport\/\",\"url\":\"https:\/\/wilde-werkstatt.de\/hamburg\/service\/reparatur-autorport\/\",\"name\":\"Reparaturwerkstatt f\u00fcr Porsche seit 1980 in Hamburg\",\"isPartOf\":{\"@id\":\"https:\/\/wilde-werkstatt.de\/hamburg\/#website\"},\"datePublished\":\"2023-04-04T08:29:11+00:00\",\"dateModified\":\"2025-02-11T13:51:33+00:00\",\"description\":\"Wir reparieren kleine und gro\u00dfe Probleme an ihrem klassischen Porsche oder VW mit viele Erfahrung und Leidenschaft seit 40 Jahren.\",\"breadcrumb\":{\"@id\":\"https:\/\/wilde-werkstatt.de\/hamburg\/service\/reparatur-autorport\/#breadcrumb\"},\"inLanguage\":\"de\",\"potentialAction\":[{\"@type\":\"ReadAction\",\"target\":[\"https:\/\/wilde-werkstatt.de\/hamburg\/service\/reparatur-autorport\/\"]}]},{\"@type\":\"BreadcrumbList\",\"@id\":\"https:\/\/wilde-werkstatt.de\/hamburg\/service\/reparatur-autorport\/#breadcrumb\",\"itemListElement\":[{\"@type\":\"ListItem\",\"position\":1,\"name\":\"Startseite\",\"item\":\"https:\/\/wilde-werkstatt.de\/hamburg\/\"},{\"@type\":\"ListItem\",\"position\":2,\"name\":\"Service\",\"item\":\"https:\/\/wilde-werkstatt.de\/hamburg\/service\/\"},{\"@type\":\"ListItem\",\"position\":3,\"name\":\"Reparatur\"}]},{\"@type\":\"WebSite\",\"@id\":\"https:\/\/wilde-werkstatt.de\/hamburg\/#website\",\"url\":\"https:\/\/wilde-werkstatt.de\/hamburg\/\",\"name\":\"Autoport Oettinger & Wilde\",\"description\":\"\",\"publisher\":{\"@id\":\"https:\/\/wilde-werkstatt.de\/hamburg\/#organization\"},\"potentialAction\":[{\"@type\":\"SearchAction\",\"target\":{\"@type\":\"EntryPoint\",\"urlTemplate\":\"https:\/\/wilde-werkstatt.de\/hamburg\/?s={search_term_string}\"},\"query-input\":{\"@type\":\"PropertyValueSpecification\",\"valueRequired\":true,\"valueName\":\"search_term_string\"}}],\"inLanguage\":\"de\"},{\"@type\":\"Organization\",\"@id\":\"https:\/\/wilde-werkstatt.de\/hamburg\/#organization\",\"name\":\"Autoport Oettinger & Wilde\",\"url\":\"https:\/\/wilde-werkstatt.de\/hamburg\/\",\"logo\":{\"@type\":\"ImageObject\",\"inLanguage\":\"de\",\"@id\":\"https:\/\/wilde-werkstatt.de\/hamburg\/#\/schema\/logo\/image\/\",\"url\":\"https:\/\/wilde-werkstatt.de\/hamburg\/wp-content\/uploads\/2019\/11\/Logo-mit-Schrift-grau-1.png\",\"contentUrl\":\"https:\/\/wilde-werkstatt.de\/hamburg\/wp-content\/uploads\/2019\/11\/Logo-mit-Schrift-grau-1.png\",\"width\":939,\"height\":405,\"caption\":\"Autoport Oettinger & Wilde\"},\"image\":{\"@id\":\"https:\/\/wilde-werkstatt.de\/hamburg\/#\/schema\/logo\/image\/\"},\"sameAs\":[\"https:\/\/www.facebook.com\/wildewerkstatt\/\",\"https:\/\/www.instagram.com\/wilde.werkstatt\/\"]}]}<\/script>\n<!-- \/ Yoast SEO plugin. -->","yoast_head_json":{"title":"Reparaturwerkstatt f\u00fcr Porsche seit 1980 in Hamburg","description":"Wir reparieren kleine und gro\u00dfe Probleme an ihrem klassischen Porsche oder VW mit viele Erfahrung und Leidenschaft seit 40 Jahren.","robots":{"index":"index","follow":"follow","max-snippet":"max-snippet:-1","max-image-preview":"max-image-preview:large","max-video-preview":"max-video-preview:-1"},"canonical":"https:\/\/wilde-werkstatt.de\/hamburg\/service\/reparatur-autorport\/","og_locale":"de_DE","og_type":"article","og_title":"Reparaturwerkstatt f\u00fcr Porsche seit 1980 in Hamburg","og_description":"Wir reparieren kleine und gro\u00dfe Probleme an ihrem klassischen Porsche oder VW mit viele Erfahrung und Leidenschaft seit 40 Jahren.","og_url":"https:\/\/wilde-werkstatt.de\/hamburg\/service\/reparatur-autorport\/","og_site_name":"Autoport Oettinger &amp; Wilde","article_publisher":"https:\/\/www.facebook.com\/wildewerkstatt\/","article_modified_time":"2025-02-11T13:51:33+00:00","twitter_card":"summary_large_image","twitter_misc":{"Gesch\u00e4tzte Lesezeit":"3\u00a0Minuten"},"schema":{"@context":"https:\/\/schema.org","@graph":[{"@type":"WebPage","@id":"https:\/\/wilde-werkstatt.de\/hamburg\/service\/reparatur-autorport\/","url":"https:\/\/wilde-werkstatt.de\/hamburg\/service\/reparatur-autorport\/","name":"Reparaturwerkstatt f\u00fcr Porsche seit 1980 in Hamburg","isPartOf":{"@id":"https:\/\/wilde-werkstatt.de\/hamburg\/#website"},"datePublished":"2023-04-04T08:29:11+00:00","dateModified":"2025-02-11T13:51:33+00:00","description":"Wir reparieren kleine und gro\u00dfe Probleme an ihrem klassischen Porsche oder VW mit viele Erfahrung und Leidenschaft seit 40 Jahren.","breadcrumb":{"@id":"https:\/\/wilde-werkstatt.de\/hamburg\/service\/reparatur-autorport\/#breadcrumb"},"inLanguage":"de","potentialAction":[{"@type":"ReadAction","target":["https:\/\/wilde-werkstatt.de\/hamburg\/service\/reparatur-autorport\/"]}]},{"@type":"BreadcrumbList","@id":"https:\/\/wilde-werkstatt.de\/hamburg\/service\/reparatur-autorport\/#breadcrumb","itemListElement":[{"@type":"ListItem","position":1,"name":"Startseite","item":"https:\/\/wilde-werkstatt.de\/hamburg\/"},{"@type":"ListItem","position":2,"name":"Service","item":"https:\/\/wilde-werkstatt.de\/hamburg\/service\/"},{"@type":"ListItem","position":3,"name":"Reparatur"}]},{"@type":"WebSite","@id":"https:\/\/wilde-werkstatt.de\/hamburg\/#website","url":"https:\/\/wilde-werkstatt.de\/hamburg\/","name":"Autoport Oettinger & Wilde","description":"","publisher":{"@id":"https:\/\/wilde-werkstatt.de\/hamburg\/#organization"},"potentialAction":[{"@type":"SearchAction","target":{"@type":"EntryPoint","urlTemplate":"https:\/\/wilde-werkstatt.de\/hamburg\/?s={search_term_string}"},"query-input":{"@type":"PropertyValueSpecification","valueRequired":true,"valueName":"search_term_string"}}],"inLanguage":"de"},{"@type":"Organization","@id":"https:\/\/wilde-werkstatt.de\/hamburg\/#organization","name":"Autoport Oettinger & Wilde","url":"https:\/\/wilde-werkstatt.de\/hamburg\/","logo":{"@type":"ImageObject","inLanguage":"de","@id":"https:\/\/wilde-werkstatt.de\/hamburg\/#\/schema\/logo\/image\/","url":"https:\/\/wilde-werkstatt.de\/hamburg\/wp-content\/uploads\/2019\/11\/Logo-mit-Schrift-grau-1.png","contentUrl":"https:\/\/wilde-werkstatt.de\/hamburg\/wp-content\/uploads\/2019\/11\/Logo-mit-Schrift-grau-1.png","width":939,"height":405,"caption":"Autoport Oettinger & Wilde"},"image":{"@id":"https:\/\/wilde-werkstatt.de\/hamburg\/#\/schema\/logo\/image\/"},"sameAs":["https:\/\/www.facebook.com\/wildewerkstatt\/","https:\/\/www.instagram.com\/wilde.werkstatt\/"]}]}},"_links":{"self":[{"href":"https:\/\/wilde-werkstatt.de\/hamburg\/wp-json\/wp\/v2\/pages\/1588","targetHints":{"allow":["GET"]}}],"collection":[{"href":"https:\/\/wilde-werkstatt.de\/hamburg\/wp-json\/wp\/v2\/pages"}],"about":[{"href":"https:\/\/wilde-werkstatt.de\/hamburg\/wp-json\/wp\/v2\/types\/page"}],"author":[{"embeddable":true,"href":"https:\/\/wilde-werkstatt.de\/hamburg\/wp-json\/wp\/v2\/users\/1"}],"replies":[{"embeddable":true,"href":"https:\/\/wilde-werkstatt.de\/hamburg\/wp-json\/wp\/v2\/comments?post=1588"}],"version-history":[{"count":18,"href":"https:\/\/wilde-werkstatt.de\/hamburg\/wp-json\/wp\/v2\/pages\/1588\/revisions"}],"predecessor-version":[{"id":1960,"href":"https:\/\/wilde-werkstatt.de\/hamburg\/wp-json\/wp\/v2\/pages\/1588\/revisions\/1960"}],"up":[{"embeddable":true,"href":"https:\/\/wilde-werkstatt.de\/hamburg\/wp-json\/wp\/v2\/pages\/1423"}],"wp:attachment":[{"href":"https:\/\/wilde-werkstatt.de\/hamburg\/wp-json\/wp\/v2\/media?parent=1588"}],"curies":[{"name":"wp","href":"https:\/\/api.w.org\/{rel}","templated":true}]}}