{"id":1486,"date":"2023-04-03T16:47:57","date_gmt":"2023-04-03T14:47:57","guid":{"rendered":"https:\/\/wilde-werkstatt.de\/hamburg\/?page_id=1486"},"modified":"2025-02-11T15:06:52","modified_gmt":"2025-02-11T14:06:52","slug":"ueber-uns","status":"publish","type":"page","link":"https:\/\/wilde-werkstatt.de\/hamburg\/ueber-uns\/","title":{"rendered":"\u00dcber uns"},"content":{"rendered":"<section class=\"wpb-content-wrapper\"><p>[vc_row full_width=&#8220;stretch_row&#8220; css=&#8220;.vc_custom_1449134047180{background-color: #ffffff !important;}&#8220;][vc_column]<div class=\"sc_section sc_section_block \"><div class=\"sc_section_inner\"><div class=\"sc_section_content_wrap\">[vc_column_text css=&#8220;.vc_custom_1680874128786{margin-bottom: 40px !important;}&#8220;]<\/p>\n<h3>Die Leidenschaft hinter Autoport Oettinger &amp; Wilde GmbH<\/h3>\n<p>[\/vc_column_text][vc_column_text]<strong>Willkommen bei Autoport Oettinger &amp; Wilde GmbH, Ihrem Ansprechpartner f\u00fcr Porsche &amp; VW Fahrzeuge! Bei uns steht Kompetenz an erster Stelle, wenn es um die Betreuung und Pflege Ihrer klassischen Porsche &amp; VW Modelle geht. Wir sind stolz darauf, unseren Kunden einen umfassenden Service anzubieten, der Wartung, Reparatur, Motor- und Getriebe\u00fcberholung, Instandsetzung sowie Karosseriearbeiten umfasst.<\/strong>[\/vc_column_text]<\/div><\/div><\/div>[vc_empty_space height=&#8220;3em&#8220;][\/vc_column][\/vc_row][vc_row full_width=&#8220;stretch_row&#8220;][vc_column width=&#8220;1\/4&#8243;][vc_single_image image=&#8220;831&#8243; img_size=&#8220;full&#8220; css_animation=&#8220;fadeInLeft&#8220;][\/vc_column][vc_column width=&#8220;3\/4&#8243;][vc_empty_space height=&#8220;3em&#8220;][vc_column_text]Willkommen bei Autoport Oettinger &amp; Wilde GmbH, Ihrem Ansprechpartner f\u00fcr Porsche &amp; VW Fahrzeuge! Bei uns steht Kompetenz an erster Stelle, wenn es um die Betreuung und Pflege Ihrer klassischen Porsche &amp; VW Modelle geht. Wir sind stolz darauf, unseren Kunden einen umfassenden Service anzubieten, der Wartung, Reparatur, Motor- und Getriebe\u00fcberholung, Instandsetzung sowie Karosseriearbeiten umfasst.<\/p>\n<p>Unser Motto lautet: &#8222;Geht nicht gibt es nicht!&#8220; Denn wir sind leidenschaftliche Auto-Enthusiasten und nehmen uns jeder Herausforderung an, um sicherzustellen, dass Ihr Fahrzeug in bestem Zustand ist.<\/p>\n<p>Wir verstehen, dass Ihr Porsche oder VW mehr ist als nur ein Fahrzeug, es ist ein St\u00fcck Geschichte, Leistung und Innovation. Daher behandeln wir jedes Fahrzeug mit gr\u00f6\u00dfter Sorgfalt und Respekt, als ob es unser eigenes w\u00e4re. Wir kennen uns mit den Besonderheiten dieser Fahrzeuge aus und setzt alles daran, dass sie in bestem Zustand erhalten bleiben.<\/p>\n<p>Als familiengef\u00fchrtes Unternehmen legen wir gro\u00dfen Wert auf pers\u00f6nlichen Service und Kundenzufriedenheit. Wir h\u00f6ren Ihnen genau zu, um Ihre individuellen Bed\u00fcrfnisse zu verstehen und ma\u00dfgeschneiderte L\u00f6sungen anzubieten.<\/p>\n<p>Besuchen Sie uns und erleben Sie den Unterschied von Autoport Oettinger &amp; Wilde GmbH. Wir sind stolz darauf, Ihnen einen erstklassigen Service f\u00fcr Ihre Porsche und VW Fahrzeuge anzubieten und gemeinsam mit Ihnen die Leidenschaft f\u00fcr diese au\u00dfergew\u00f6hnlichen Automobile zu teilen.[\/vc_column_text][vc_column_text css=&#8220;.vc_custom_1680533648588{margin-top: -30px !important;}&#8220;]<\/p>\n<h5><strong>Reparaturwerkstatt f\u00fcr Porsche seit 1980<\/strong><\/h5>\n<p>[\/vc_column_text][\/vc_column][\/vc_row][vc_row][vc_column][vc_empty_space height=&#8220;2em&#8220;][vc_single_image image=&#8220;1512&#8243; img_size=&#8220;full&#8220;][\/vc_column][\/vc_row][vc_row][vc_column][vc_empty_space height=&#8220;3em&#8220;][vc_column_text]Im Jahr 1980 von Peter Oettinger und Rainer Wilde gegr\u00fcndet, steht Autoport Oettinger &amp; Wilde GmbH f\u00fcr eine langj\u00e4hrige Expertise in der Betreuung von klassischen Porsche &amp; VW Modellen. W\u00e4hrend Rainer Wilde als gelernter Kfz-Meister die Werkstatt leitete, war Peter Oettinger f\u00fcr den Verkauf zust\u00e4ndig.<\/p>\n<p>Mit der Leidenschaft f\u00fcr Benzin im Blut stie\u00dfen Anfang der 90er Jahre auch die beiden S\u00f6hne Thorsten und Stephan Wilde zum Unternehmen hinzu. Ihr Wissen, ihre Aufmerksamkeit f\u00fcr Details und ihre transparente Beratung machten sie bekannt f\u00fcr ihre Rundum-Betreuung der Kunden und ihrer Fahrzeuge. 2015 erfolgte schlie\u00dflich der Generationswechsel, als Rainer Wilde in den wohlverdienten Ruhestand ging und Thorsten und Stephan Wilde die Leitung des Unternehmens \u00fcbernahmen.<\/p>\n<p>Bei Autoport Oettinger &amp; Wilde GmbH k\u00f6nnen sich Kunden darauf verlassen, dass sie nicht nur Fachkompetenz, sondern auch eine pers\u00f6nliche und umfassende Beratung erhalten. Egal, ob es sich um einen Notfall handelt oder um eine kleine Reparatur &#8211; unser Rundum-Service f\u00fcr Porsche steht Ihnen schnell, transparent und vor allem kompetent zur Verf\u00fcgung. Wir h\u00f6ren Ihnen zu und k\u00fcmmern uns mit Sorgfalt um Ihr Fahrzeug, ganz nach dem Motto: &#8222;Geht nicht gibt es nicht!&#8220;<\/p>\n<p>[\/vc_column_text][vc_empty_space height=&#8220;1em&#8220;][\/vc_column][\/vc_row][vc_row][vc_column][vc_single_image image=&#8220;1473&#8243; img_size=&#8220;full&#8220;][vc_empty_space height=&#8220;2em&#8220;][\/vc_column][\/vc_row]<\/p>\n<\/section>","protected":false},"excerpt":{"rendered":"<p>[vc_row full_width=&#8220;stretch_row&#8220; css=&#8220;.vc_custom_1449134047180{background-color: #ffffff !important;}&#8220;][vc_column][vc_empty_space height=&#8220;3em&#8220;][\/vc_column][\/vc_row][vc_row full_width=&#8220;stretch_row&#8220;][vc_column width=&#8220;1\/4&#8243;][vc_single_image image=&#8220;831&#8243; img_size=&#8220;full&#8220; css_animation=&#8220;fadeInLeft&#8220;][\/vc_column][vc_column width=&#8220;3\/4&#8243;][vc_empty_space height=&#8220;3em&#8220;][vc_column_text]Willkommen bei Autoport Oettinger &amp; Wilde GmbH, Ihrem Ansprechpartner f\u00fcr Porsche &amp; VW Fahrzeuge! Bei uns steht Kompetenz an erster Stelle, wenn es um die Betreuung und Pflege Ihrer klassischen Porsche &amp; VW Modelle geht. Wir sind stolz darauf, unseren Kunden einen umfassenden [&hellip;]<\/p>\n","protected":false},"author":1,"featured_media":0,"parent":0,"menu_order":0,"comment_status":"closed","ping_status":"closed","template":"","meta":{"footnotes":""},"class_list":["post-1486","page","type-page","status-publish","hentry"],"yoast_head":"<!-- This site is optimized with the Yoast SEO plugin v25.8 - https:\/\/yoast.com\/wordpress\/plugins\/seo\/ -->\n<title>\u00dcber uns - Autoport Oettinger &amp; Wilde<\/title>\n<meta name=\"description\" content=\"Die Werkstatt in Hamburg \u2713Unsere Leidenschaft teilen wir mit unseren Kunden seit 1980. Spezialisiert auf Porsche &amp; VW. Hier erfahren sie mehr\" \/>\n<meta name=\"robots\" content=\"index, follow, max-snippet:-1, max-image-preview:large, max-video-preview:-1\" \/>\n<link rel=\"canonical\" href=\"https:\/\/wilde-werkstatt.de\/hamburg\/ueber-uns\/\" \/>\n<meta property=\"og:locale\" content=\"de_DE\" \/>\n<meta property=\"og:type\" content=\"article\" \/>\n<meta property=\"og:title\" content=\"\u00dcber uns - Autoport Oettinger &amp; Wilde\" \/>\n<meta property=\"og:description\" content=\"Die Werkstatt in Hamburg \u2713Unsere Leidenschaft teilen wir mit unseren Kunden seit 1980. Spezialisiert auf Porsche &amp; VW. Hier erfahren sie mehr\" \/>\n<meta property=\"og:url\" content=\"https:\/\/wilde-werkstatt.de\/hamburg\/ueber-uns\/\" \/>\n<meta property=\"og:site_name\" content=\"Autoport Oettinger &amp; Wilde\" \/>\n<meta property=\"article:publisher\" content=\"https:\/\/www.facebook.com\/wildewerkstatt\/\" \/>\n<meta property=\"article:modified_time\" content=\"2025-02-11T14:06:52+00:00\" \/>\n<meta name=\"twitter:card\" content=\"summary_large_image\" \/>\n<meta name=\"twitter:label1\" content=\"Gesch\u00e4tzte Lesezeit\" \/>\n\t<meta name=\"twitter:data1\" content=\"4\u00a0Minuten\" \/>\n<script type=\"application\/ld+json\" class=\"yoast-schema-graph\">{\"@context\":\"https:\/\/schema.org\",\"@graph\":[{\"@type\":\"WebPage\",\"@id\":\"https:\/\/wilde-werkstatt.de\/hamburg\/ueber-uns\/\",\"url\":\"https:\/\/wilde-werkstatt.de\/hamburg\/ueber-uns\/\",\"name\":\"\u00dcber uns - Autoport Oettinger &amp; Wilde\",\"isPartOf\":{\"@id\":\"https:\/\/wilde-werkstatt.de\/hamburg\/#website\"},\"datePublished\":\"2023-04-03T14:47:57+00:00\",\"dateModified\":\"2025-02-11T14:06:52+00:00\",\"description\":\"Die Werkstatt in Hamburg \u2713Unsere Leidenschaft teilen wir mit unseren Kunden seit 1980. Spezialisiert auf Porsche & VW. Hier erfahren sie mehr\",\"breadcrumb\":{\"@id\":\"https:\/\/wilde-werkstatt.de\/hamburg\/ueber-uns\/#breadcrumb\"},\"inLanguage\":\"de\",\"potentialAction\":[{\"@type\":\"ReadAction\",\"target\":[\"https:\/\/wilde-werkstatt.de\/hamburg\/ueber-uns\/\"]}]},{\"@type\":\"BreadcrumbList\",\"@id\":\"https:\/\/wilde-werkstatt.de\/hamburg\/ueber-uns\/#breadcrumb\",\"itemListElement\":[{\"@type\":\"ListItem\",\"position\":1,\"name\":\"Startseite\",\"item\":\"https:\/\/wilde-werkstatt.de\/hamburg\/\"},{\"@type\":\"ListItem\",\"position\":2,\"name\":\"\u00dcber uns\"}]},{\"@type\":\"WebSite\",\"@id\":\"https:\/\/wilde-werkstatt.de\/hamburg\/#website\",\"url\":\"https:\/\/wilde-werkstatt.de\/hamburg\/\",\"name\":\"Autoport Oettinger & Wilde\",\"description\":\"\",\"publisher\":{\"@id\":\"https:\/\/wilde-werkstatt.de\/hamburg\/#organization\"},\"potentialAction\":[{\"@type\":\"SearchAction\",\"target\":{\"@type\":\"EntryPoint\",\"urlTemplate\":\"https:\/\/wilde-werkstatt.de\/hamburg\/?s={search_term_string}\"},\"query-input\":{\"@type\":\"PropertyValueSpecification\",\"valueRequired\":true,\"valueName\":\"search_term_string\"}}],\"inLanguage\":\"de\"},{\"@type\":\"Organization\",\"@id\":\"https:\/\/wilde-werkstatt.de\/hamburg\/#organization\",\"name\":\"Autoport Oettinger & Wilde\",\"url\":\"https:\/\/wilde-werkstatt.de\/hamburg\/\",\"logo\":{\"@type\":\"ImageObject\",\"inLanguage\":\"de\",\"@id\":\"https:\/\/wilde-werkstatt.de\/hamburg\/#\/schema\/logo\/image\/\",\"url\":\"https:\/\/wilde-werkstatt.de\/hamburg\/wp-content\/uploads\/2019\/11\/Logo-mit-Schrift-grau-1.png\",\"contentUrl\":\"https:\/\/wilde-werkstatt.de\/hamburg\/wp-content\/uploads\/2019\/11\/Logo-mit-Schrift-grau-1.png\",\"width\":939,\"height\":405,\"caption\":\"Autoport Oettinger & Wilde\"},\"image\":{\"@id\":\"https:\/\/wilde-werkstatt.de\/hamburg\/#\/schema\/logo\/image\/\"},\"sameAs\":[\"https:\/\/www.facebook.com\/wildewerkstatt\/\",\"https:\/\/www.instagram.com\/wilde.werkstatt\/\"]}]}<\/script>\n<!-- \/ Yoast SEO plugin. -->","yoast_head_json":{"title":"\u00dcber uns - Autoport Oettinger &amp; Wilde","description":"Die Werkstatt in Hamburg \u2713Unsere Leidenschaft teilen wir mit unseren Kunden seit 1980. Spezialisiert auf Porsche & VW. Hier erfahren sie mehr","robots":{"index":"index","follow":"follow","max-snippet":"max-snippet:-1","max-image-preview":"max-image-preview:large","max-video-preview":"max-video-preview:-1"},"canonical":"https:\/\/wilde-werkstatt.de\/hamburg\/ueber-uns\/","og_locale":"de_DE","og_type":"article","og_title":"\u00dcber uns - Autoport Oettinger &amp; Wilde","og_description":"Die Werkstatt in Hamburg \u2713Unsere Leidenschaft teilen wir mit unseren Kunden seit 1980. Spezialisiert auf Porsche & VW. Hier erfahren sie mehr","og_url":"https:\/\/wilde-werkstatt.de\/hamburg\/ueber-uns\/","og_site_name":"Autoport Oettinger &amp; Wilde","article_publisher":"https:\/\/www.facebook.com\/wildewerkstatt\/","article_modified_time":"2025-02-11T14:06:52+00:00","twitter_card":"summary_large_image","twitter_misc":{"Gesch\u00e4tzte Lesezeit":"4\u00a0Minuten"},"schema":{"@context":"https:\/\/schema.org","@graph":[{"@type":"WebPage","@id":"https:\/\/wilde-werkstatt.de\/hamburg\/ueber-uns\/","url":"https:\/\/wilde-werkstatt.de\/hamburg\/ueber-uns\/","name":"\u00dcber uns - Autoport Oettinger &amp; Wilde","isPartOf":{"@id":"https:\/\/wilde-werkstatt.de\/hamburg\/#website"},"datePublished":"2023-04-03T14:47:57+00:00","dateModified":"2025-02-11T14:06:52+00:00","description":"Die Werkstatt in Hamburg \u2713Unsere Leidenschaft teilen wir mit unseren Kunden seit 1980. Spezialisiert auf Porsche & VW. Hier erfahren sie mehr","breadcrumb":{"@id":"https:\/\/wilde-werkstatt.de\/hamburg\/ueber-uns\/#breadcrumb"},"inLanguage":"de","potentialAction":[{"@type":"ReadAction","target":["https:\/\/wilde-werkstatt.de\/hamburg\/ueber-uns\/"]}]},{"@type":"BreadcrumbList","@id":"https:\/\/wilde-werkstatt.de\/hamburg\/ueber-uns\/#breadcrumb","itemListElement":[{"@type":"ListItem","position":1,"name":"Startseite","item":"https:\/\/wilde-werkstatt.de\/hamburg\/"},{"@type":"ListItem","position":2,"name":"\u00dcber uns"}]},{"@type":"WebSite","@id":"https:\/\/wilde-werkstatt.de\/hamburg\/#website","url":"https:\/\/wilde-werkstatt.de\/hamburg\/","name":"Autoport Oettinger & Wilde","description":"","publisher":{"@id":"https:\/\/wilde-werkstatt.de\/hamburg\/#organization"},"potentialAction":[{"@type":"SearchAction","target":{"@type":"EntryPoint","urlTemplate":"https:\/\/wilde-werkstatt.de\/hamburg\/?s={search_term_string}"},"query-input":{"@type":"PropertyValueSpecification","valueRequired":true,"valueName":"search_term_string"}}],"inLanguage":"de"},{"@type":"Organization","@id":"https:\/\/wilde-werkstatt.de\/hamburg\/#organization","name":"Autoport Oettinger & Wilde","url":"https:\/\/wilde-werkstatt.de\/hamburg\/","logo":{"@type":"ImageObject","inLanguage":"de","@id":"https:\/\/wilde-werkstatt.de\/hamburg\/#\/schema\/logo\/image\/","url":"https:\/\/wilde-werkstatt.de\/hamburg\/wp-content\/uploads\/2019\/11\/Logo-mit-Schrift-grau-1.png","contentUrl":"https:\/\/wilde-werkstatt.de\/hamburg\/wp-content\/uploads\/2019\/11\/Logo-mit-Schrift-grau-1.png","width":939,"height":405,"caption":"Autoport Oettinger & Wilde"},"image":{"@id":"https:\/\/wilde-werkstatt.de\/hamburg\/#\/schema\/logo\/image\/"},"sameAs":["https:\/\/www.facebook.com\/wildewerkstatt\/","https:\/\/www.instagram.com\/wilde.werkstatt\/"]}]}},"_links":{"self":[{"href":"https:\/\/wilde-werkstatt.de\/hamburg\/wp-json\/wp\/v2\/pages\/1486","targetHints":{"allow":["GET"]}}],"collection":[{"href":"https:\/\/wilde-werkstatt.de\/hamburg\/wp-json\/wp\/v2\/pages"}],"about":[{"href":"https:\/\/wilde-werkstatt.de\/hamburg\/wp-json\/wp\/v2\/types\/page"}],"author":[{"embeddable":true,"href":"https:\/\/wilde-werkstatt.de\/hamburg\/wp-json\/wp\/v2\/users\/1"}],"replies":[{"embeddable":true,"href":"https:\/\/wilde-werkstatt.de\/hamburg\/wp-json\/wp\/v2\/comments?post=1486"}],"version-history":[{"count":9,"href":"https:\/\/wilde-werkstatt.de\/hamburg\/wp-json\/wp\/v2\/pages\/1486\/revisions"}],"predecessor-version":[{"id":1750,"href":"https:\/\/wilde-werkstatt.de\/hamburg\/wp-json\/wp\/v2\/pages\/1486\/revisions\/1750"}],"wp:attachment":[{"href":"https:\/\/wilde-werkstatt.de\/hamburg\/wp-json\/wp\/v2\/media?parent=1486"}],"curies":[{"name":"wp","href":"https:\/\/api.w.org\/{rel}","templated":true}]}}