{"id":1422,"date":"2019-11-11T13:49:51","date_gmt":"2019-11-11T13:49:51","guid":{"rendered":"https:\/\/wilde-werkstatt.de\/hamburg\/home-5\/"},"modified":"2025-02-11T14:57:37","modified_gmt":"2025-02-11T13:57:37","slug":"autoport-oettinger-wilde","status":"publish","type":"page","link":"https:\/\/wilde-werkstatt.de\/hamburg\/","title":{"rendered":"startseite"},"content":{"rendered":"<section class=\"wpb-content-wrapper\"><p>[vc_row][vc_column][vc_column_text]<\/p>\n<h3 style=\"text-align: left;\"><strong>Reparaturwerkstatt f\u00fcr Porsche in Hamburg \u2013 Leidenschaft und Expertise<br \/>\n<\/strong><\/h3>\n<p>In unserer freien Porsche Werkstatt in Hamburg stehen wir f\u00fcr Fachkompetenz und Leidenschaft, wenn es um die Reparatur und Wartung Ihres Porsches geht.<\/p>\n<p><strong>Wir pr\u00fcfen, behandeln, retten, reparieren und richten her \u2013 und manchmal reden wir einfach nur gut zu Ihrem Fahrzeug.<\/strong><\/p>\n<p><strong>Mit 45 Jahren Erfahrung im Umgang mit Porsche-Fahrzeugen kennen wir die Besonderheiten jedes Modells.<\/strong><\/p>\n<p>Unsere Spezialisten sind darauf fokussiert, die Zuverl\u00e4ssigkeit und Leistung Ihres Porsches zu erhalten oder zu optimieren. Ob regelm\u00e4\u00dfiger Service, aufwendige Reparatur oder gezielte Optimierungen \u2013 wir sorgen f\u00fcr den bestm\u00f6glichen Zustand Ihres Fahrzeugs.<\/p>\n<p>Unser wertvollstes Wissen und unsere spezialisierten F\u00e4higkeiten gehen weit \u00fcber das hinaus, was in Handb\u00fcchern steht. Sie sind das Produkt unserer tiefen Verbundenheit mit der Marke Porsche und unserer Verpflichtung, Ihren Porsche in Top-Zustand zu halten.<\/p>\n<p>Besuchen Sie uns in Hamburg Bramfeld und erleben Sie ausgezeichneten Service, der Ihren Porsche zum Strahlen bringt.[\/vc_column_text][vc_single_image image=&#8220;410&#8243; img_size=&#8220;large&#8220; alignment=&#8220;center&#8220;][vc_column_text css=&#8220;.vc_custom_1680851374555{margin-top: 5px !important;}&#8220;]<\/p>\n<p style=\"text-align: center;\">Wir k\u00f6nnen zu fast jedem Porsche Modell eine Geschichte erz\u00e4hlen<br \/>\nund hatten die meisten davon schon in unserer Werkstatt.<\/p>\n<p>[\/vc_column_text][vc_column_text]<\/p>\n<h3 style=\"text-align: center;\">Neugierig?<\/h3>\n<p>[\/vc_column_text][\/vc_column][\/vc_row][vc_row][vc_column width=&#8220;1\/3&#8243; css=&#8220;.vc_custom_1474034350441{margin-bottom: 3.45rem !important;}&#8220;][vc_column_text]<\/p>\n<h4 style=\"text-align: center;\">SERVICE<\/h4>\n<p>[\/vc_column_text][vc_single_image image=&#8220;1675&#8243; img_size=&#8220;large&#8220; alignment=&#8220;center&#8220; onclick=&#8220;custom_link&#8220; link=&#8220;https:\/\/wilde-werkstatt.de\/hamburg\/service\/&#8220;][vc_column_text css=&#8220;.vc_custom_1680616619112{margin-top: 15px !important;}&#8220;]<\/p>\n<p style=\"text-align: center;\">Mit Herzblut und viel Erfahrung.<\/p>\n<p>[\/vc_column_text][vc_btn title=&#8220;Mehr erfahren&#8230;&#8220; style=&#8220;flat&#8220; shape=&#8220;square&#8220; color=&#8220;white&#8220; size=&#8220;lg&#8220; align=&#8220;center&#8220; link=&#8220;url:https%3A%2F%2Fwilde-werkstatt.de%2Fhamburg%2Fservice%2F|title:Service&#8220;][\/vc_column][vc_column width=&#8220;1\/3&#8243;][vc_column_text]<\/p>\n<h4 style=\"text-align: center;\">\u00dcBER UNS<\/h4>\n<p>[\/vc_column_text][vc_single_image image=&#8220;1677&#8243; img_size=&#8220;large&#8220; alignment=&#8220;center&#8220; onclick=&#8220;custom_link&#8220; link=&#8220;https:\/\/wilde-werkstatt.de\/hamburg\/ueber-uns\/&#8220;][vc_column_text css=&#8220;.vc_custom_1680616627345{margin-top: 15px !important;}&#8220;]<\/p>\n<p style=\"text-align: center;\">Seit 1980 sind wir f\u00fcr sie da.<\/p>\n<p>[\/vc_column_text][vc_btn title=&#8220;Mehr erfahren&#8230;&#8220; style=&#8220;flat&#8220; shape=&#8220;square&#8220; color=&#8220;white&#8220; size=&#8220;lg&#8220; align=&#8220;center&#8220; link=&#8220;url:https%3A%2F%2Fwilde-werkstatt.de%2Fhamburg%2Fueber-uns%2F|title:Service&#8220;][\/vc_column][vc_column width=&#8220;1\/3&#8243;][vc_column_text css=&#8220;.vc_custom_1680616636397{margin-top: 15px !important;}&#8220;]<\/p>\n<h4 style=\"text-align: center;\">KONTAKT<\/h4>\n<p>[\/vc_column_text][vc_single_image image=&#8220;1676&#8243; img_size=&#8220;large&#8220; alignment=&#8220;center&#8220; onclick=&#8220;custom_link&#8220; link=&#8220;https:\/\/wilde-werkstatt.de\/hamburg\/kontakt\/&#8220;][vc_column_text css=&#8220;.vc_custom_1680849513236{margin-top: 15px !important;}&#8220;]<\/p>\n<p style=\"text-align: center;\">Wo und wie sie uns finden.<\/p>\n<p>[\/vc_column_text][vc_btn title=&#8220;Mehr erfahren&#8230;&#8220; style=&#8220;flat&#8220; shape=&#8220;square&#8220; color=&#8220;white&#8220; size=&#8220;lg&#8220; align=&#8220;center&#8220; link=&#8220;url:https%3A%2F%2Fwilde-werkstatt.de%2Fhamburg%2Fkontakt%2F|title:Service&#8220;][\/vc_column][\/vc_row][vc_row][vc_column][vc_column_text]<strong>Ein Fahrzeugheck, eine Wartung oder eine Reparatur \u2013 Wir sind Ihre beste Wahl!<\/strong><\/p>\n<p>Bei uns finden Sie keine unsensiblen Mechaniker \u2013 wir sind bekannt f\u00fcr unseren herausragenden Service und die entspannte, humorvolle Atmosph\u00e4re unserer Werkstatt.<\/p>\n<p>Warum also z\u00f6gern? Besuchen Sie uns noch heute im Hamburger Nordosten und erleben Sie Porsche-Service, der Kompetenz mit einem L\u00e4cheln verbindet.[\/vc_column_text][vc_empty_space height=&#8220;3em&#8220;][\/vc_column][\/vc_row][vc_row][vc_column][vc_single_image image=&#8220;1698&#8243; img_size=&#8220;large&#8220; alignment=&#8220;center&#8220;][\/vc_column][\/vc_row]<\/p>\n<\/section>","protected":false},"excerpt":{"rendered":"<p>[vc_row][vc_column][vc_column_text] Reparaturwerkstatt f\u00fcr Porsche in Hamburg \u2013 Leidenschaft und Expertise In unserer freien Porsche Werkstatt in Hamburg stehen wir f\u00fcr Fachkompetenz und Leidenschaft, wenn es um die Reparatur und Wartung Ihres Porsches geht. Wir pr\u00fcfen, behandeln, retten, reparieren und richten her \u2013 und manchmal reden wir einfach nur gut zu Ihrem Fahrzeug. Mit 45 Jahren [&hellip;]<\/p>\n","protected":false},"author":1,"featured_media":0,"parent":0,"menu_order":0,"comment_status":"closed","ping_status":"closed","template":"","meta":{"footnotes":""},"class_list":["post-1422","page","type-page","status-publish","hentry"],"yoast_head":"<!-- This site is optimized with the Yoast SEO plugin v25.8 - https:\/\/yoast.com\/wordpress\/plugins\/seo\/ -->\n<title>Autoport Oettinger &amp; Wilde<\/title>\n<meta name=\"description\" content=\"Seit 1980 - Werkstatt - Spezialist f\u00fcr Porsche in Hamburg \u2713 Service, Inspektion, Reparatur - Experten mit Herz &amp; viel Erfahrung.\" \/>\n<meta name=\"robots\" content=\"index, follow, max-snippet:-1, max-image-preview:large, max-video-preview:-1\" \/>\n<link rel=\"canonical\" href=\"https:\/\/wilde-werkstatt.de\/hamburg\/\" \/>\n<meta property=\"og:locale\" content=\"de_DE\" \/>\n<meta property=\"og:type\" content=\"article\" \/>\n<meta property=\"og:title\" content=\"Autoport Oettinger &amp; Wilde\" \/>\n<meta property=\"og:description\" content=\"Seit 1980 - Werkstatt - Spezialist f\u00fcr Porsche in Hamburg \u2713 Service, Inspektion, Reparatur - Experten mit Herz &amp; viel Erfahrung.\" \/>\n<meta property=\"og:url\" content=\"https:\/\/wilde-werkstatt.de\/hamburg\/\" \/>\n<meta property=\"og:site_name\" content=\"Autoport Oettinger &amp; Wilde\" \/>\n<meta property=\"article:publisher\" content=\"https:\/\/www.facebook.com\/wildewerkstatt\/\" \/>\n<meta property=\"article:modified_time\" content=\"2025-02-11T13:57:37+00:00\" \/>\n<meta name=\"twitter:card\" content=\"summary_large_image\" \/>\n<meta name=\"twitter:label1\" content=\"Gesch\u00e4tzte Lesezeit\" \/>\n\t<meta name=\"twitter:data1\" content=\"3\u00a0Minuten\" \/>\n<script type=\"application\/ld+json\" class=\"yoast-schema-graph\">{\"@context\":\"https:\/\/schema.org\",\"@graph\":[{\"@type\":\"WebPage\",\"@id\":\"https:\/\/wilde-werkstatt.de\/hamburg\/\",\"url\":\"https:\/\/wilde-werkstatt.de\/hamburg\/\",\"name\":\"Autoport Oettinger &amp; Wilde\",\"isPartOf\":{\"@id\":\"https:\/\/wilde-werkstatt.de\/hamburg\/#website\"},\"datePublished\":\"2019-11-11T13:49:51+00:00\",\"dateModified\":\"2025-02-11T13:57:37+00:00\",\"description\":\"Seit 1980 - Werkstatt - Spezialist f\u00fcr Porsche in Hamburg \u2713 Service, Inspektion, Reparatur - Experten mit Herz & viel Erfahrung.\",\"breadcrumb\":{\"@id\":\"https:\/\/wilde-werkstatt.de\/hamburg\/#breadcrumb\"},\"inLanguage\":\"de\",\"potentialAction\":[{\"@type\":\"ReadAction\",\"target\":[\"https:\/\/wilde-werkstatt.de\/hamburg\/\"]}]},{\"@type\":\"BreadcrumbList\",\"@id\":\"https:\/\/wilde-werkstatt.de\/hamburg\/#breadcrumb\",\"itemListElement\":[{\"@type\":\"ListItem\",\"position\":1,\"name\":\"Startseite\",\"item\":\"https:\/\/wilde-werkstatt.de\/hamburg\/\"},{\"@type\":\"ListItem\",\"position\":2,\"name\":\"startseite\"}]},{\"@type\":\"WebSite\",\"@id\":\"https:\/\/wilde-werkstatt.de\/hamburg\/#website\",\"url\":\"https:\/\/wilde-werkstatt.de\/hamburg\/\",\"name\":\"Autoport Oettinger & Wilde\",\"description\":\"\",\"publisher\":{\"@id\":\"https:\/\/wilde-werkstatt.de\/hamburg\/#organization\"},\"potentialAction\":[{\"@type\":\"SearchAction\",\"target\":{\"@type\":\"EntryPoint\",\"urlTemplate\":\"https:\/\/wilde-werkstatt.de\/hamburg\/?s={search_term_string}\"},\"query-input\":{\"@type\":\"PropertyValueSpecification\",\"valueRequired\":true,\"valueName\":\"search_term_string\"}}],\"inLanguage\":\"de\"},{\"@type\":\"Organization\",\"@id\":\"https:\/\/wilde-werkstatt.de\/hamburg\/#organization\",\"name\":\"Autoport Oettinger & Wilde\",\"url\":\"https:\/\/wilde-werkstatt.de\/hamburg\/\",\"logo\":{\"@type\":\"ImageObject\",\"inLanguage\":\"de\",\"@id\":\"https:\/\/wilde-werkstatt.de\/hamburg\/#\/schema\/logo\/image\/\",\"url\":\"https:\/\/wilde-werkstatt.de\/hamburg\/wp-content\/uploads\/2019\/11\/Logo-mit-Schrift-grau-1.png\",\"contentUrl\":\"https:\/\/wilde-werkstatt.de\/hamburg\/wp-content\/uploads\/2019\/11\/Logo-mit-Schrift-grau-1.png\",\"width\":939,\"height\":405,\"caption\":\"Autoport Oettinger & Wilde\"},\"image\":{\"@id\":\"https:\/\/wilde-werkstatt.de\/hamburg\/#\/schema\/logo\/image\/\"},\"sameAs\":[\"https:\/\/www.facebook.com\/wildewerkstatt\/\",\"https:\/\/www.instagram.com\/wilde.werkstatt\/\"]}]}<\/script>\n<!-- \/ Yoast SEO plugin. -->","yoast_head_json":{"title":"Autoport Oettinger &amp; Wilde","description":"Seit 1980 - Werkstatt - Spezialist f\u00fcr Porsche in Hamburg \u2713 Service, Inspektion, Reparatur - Experten mit Herz & viel Erfahrung.","robots":{"index":"index","follow":"follow","max-snippet":"max-snippet:-1","max-image-preview":"max-image-preview:large","max-video-preview":"max-video-preview:-1"},"canonical":"https:\/\/wilde-werkstatt.de\/hamburg\/","og_locale":"de_DE","og_type":"article","og_title":"Autoport Oettinger &amp; Wilde","og_description":"Seit 1980 - Werkstatt - Spezialist f\u00fcr Porsche in Hamburg \u2713 Service, Inspektion, Reparatur - Experten mit Herz & viel Erfahrung.","og_url":"https:\/\/wilde-werkstatt.de\/hamburg\/","og_site_name":"Autoport Oettinger &amp; Wilde","article_publisher":"https:\/\/www.facebook.com\/wildewerkstatt\/","article_modified_time":"2025-02-11T13:57:37+00:00","twitter_card":"summary_large_image","twitter_misc":{"Gesch\u00e4tzte Lesezeit":"3\u00a0Minuten"},"schema":{"@context":"https:\/\/schema.org","@graph":[{"@type":"WebPage","@id":"https:\/\/wilde-werkstatt.de\/hamburg\/","url":"https:\/\/wilde-werkstatt.de\/hamburg\/","name":"Autoport Oettinger &amp; Wilde","isPartOf":{"@id":"https:\/\/wilde-werkstatt.de\/hamburg\/#website"},"datePublished":"2019-11-11T13:49:51+00:00","dateModified":"2025-02-11T13:57:37+00:00","description":"Seit 1980 - Werkstatt - Spezialist f\u00fcr Porsche in Hamburg \u2713 Service, Inspektion, Reparatur - Experten mit Herz & viel Erfahrung.","breadcrumb":{"@id":"https:\/\/wilde-werkstatt.de\/hamburg\/#breadcrumb"},"inLanguage":"de","potentialAction":[{"@type":"ReadAction","target":["https:\/\/wilde-werkstatt.de\/hamburg\/"]}]},{"@type":"BreadcrumbList","@id":"https:\/\/wilde-werkstatt.de\/hamburg\/#breadcrumb","itemListElement":[{"@type":"ListItem","position":1,"name":"Startseite","item":"https:\/\/wilde-werkstatt.de\/hamburg\/"},{"@type":"ListItem","position":2,"name":"startseite"}]},{"@type":"WebSite","@id":"https:\/\/wilde-werkstatt.de\/hamburg\/#website","url":"https:\/\/wilde-werkstatt.de\/hamburg\/","name":"Autoport Oettinger & Wilde","description":"","publisher":{"@id":"https:\/\/wilde-werkstatt.de\/hamburg\/#organization"},"potentialAction":[{"@type":"SearchAction","target":{"@type":"EntryPoint","urlTemplate":"https:\/\/wilde-werkstatt.de\/hamburg\/?s={search_term_string}"},"query-input":{"@type":"PropertyValueSpecification","valueRequired":true,"valueName":"search_term_string"}}],"inLanguage":"de"},{"@type":"Organization","@id":"https:\/\/wilde-werkstatt.de\/hamburg\/#organization","name":"Autoport Oettinger & Wilde","url":"https:\/\/wilde-werkstatt.de\/hamburg\/","logo":{"@type":"ImageObject","inLanguage":"de","@id":"https:\/\/wilde-werkstatt.de\/hamburg\/#\/schema\/logo\/image\/","url":"https:\/\/wilde-werkstatt.de\/hamburg\/wp-content\/uploads\/2019\/11\/Logo-mit-Schrift-grau-1.png","contentUrl":"https:\/\/wilde-werkstatt.de\/hamburg\/wp-content\/uploads\/2019\/11\/Logo-mit-Schrift-grau-1.png","width":939,"height":405,"caption":"Autoport Oettinger & Wilde"},"image":{"@id":"https:\/\/wilde-werkstatt.de\/hamburg\/#\/schema\/logo\/image\/"},"sameAs":["https:\/\/www.facebook.com\/wildewerkstatt\/","https:\/\/www.instagram.com\/wilde.werkstatt\/"]}]}},"_links":{"self":[{"href":"https:\/\/wilde-werkstatt.de\/hamburg\/wp-json\/wp\/v2\/pages\/1422","targetHints":{"allow":["GET"]}}],"collection":[{"href":"https:\/\/wilde-werkstatt.de\/hamburg\/wp-json\/wp\/v2\/pages"}],"about":[{"href":"https:\/\/wilde-werkstatt.de\/hamburg\/wp-json\/wp\/v2\/types\/page"}],"author":[{"embeddable":true,"href":"https:\/\/wilde-werkstatt.de\/hamburg\/wp-json\/wp\/v2\/users\/1"}],"replies":[{"embeddable":true,"href":"https:\/\/wilde-werkstatt.de\/hamburg\/wp-json\/wp\/v2\/comments?post=1422"}],"version-history":[{"count":53,"href":"https:\/\/wilde-werkstatt.de\/hamburg\/wp-json\/wp\/v2\/pages\/1422\/revisions"}],"predecessor-version":[{"id":1962,"href":"https:\/\/wilde-werkstatt.de\/hamburg\/wp-json\/wp\/v2\/pages\/1422\/revisions\/1962"}],"wp:attachment":[{"href":"https:\/\/wilde-werkstatt.de\/hamburg\/wp-json\/wp\/v2\/media?parent=1422"}],"curies":[{"name":"wp","href":"https:\/\/api.w.org\/{rel}","templated":true}]}}